{"id":894,"date":"2024-10-08T08:57:16","date_gmt":"2024-10-08T08:57:16","guid":{"rendered":"https:\/\/greensufabu.eu\/integritetspolicy"},"modified":"2024-10-17T05:54:46","modified_gmt":"2024-10-17T05:54:46","slug":"integritetspolicy","status":"publish","type":"page","link":"https:\/\/greensufabu.eu\/sv\/integritetspolicy","title":{"rendered":"Integritetspolicy"},"content":{"rendered":"\t\t<div data-elementor-type=\"wp-page\" data-elementor-id=\"894\" class=\"elementor elementor-894 elementor-766\" data-elementor-post-type=\"page\">\n\t\t\t\t<div data-dce-background-image-url=\"https:\/\/greensufabu.eu\/wp-content\/uploads\/2024\/06\/pexels-olly-3823488-scaled.jpg\" class=\"elementor-element elementor-element-be46d4b e-con-full e-flex e-con e-parent\" data-id=\"be46d4b\" data-element_type=\"container\" data-e-type=\"container\" data-settings=\"{&quot;background_background&quot;:&quot;classic&quot;}\">\n\t\t\t\t<div class=\"elementor-element elementor-element-2df494b elementor-widget elementor-widget-heading\" data-id=\"2df494b\" data-element_type=\"widget\" data-e-type=\"widget\" data-widget_type=\"heading.default\">\n\t\t\t\t<div class=\"elementor-widget-container\">\n\t\t\t\t\t<h2 class=\"elementor-heading-title elementor-size-default\">Integritetspolicy<\/h2>\t\t\t\t<\/div>\n\t\t\t\t<\/div>\n\t\t\t\t<\/div>\n\t\t<div class=\"elementor-element elementor-element-6838d81 e-flex e-con-boxed e-con e-parent\" data-id=\"6838d81\" data-element_type=\"container\" data-e-type=\"container\">\n\t\t\t\t\t<div class=\"e-con-inner\">\n\t\t\t\t<div class=\"elementor-element elementor-element-7a627f9 elementor-widget elementor-widget-text-editor\" data-id=\"7a627f9\" data-element_type=\"widget\" data-e-type=\"widget\" data-widget_type=\"text-editor.default\">\n\t\t\t\t<div class=\"elementor-widget-container\">\n\t\t\t\t\t\t\t\t\t<p><span data-sheets-root=\"1\">P\u00e5 SUFABU<\/span><span data-sheets-root=\"1\"> tar vi skyddet av dina personuppgifter p\u00e5 st\u00f6rsta allvar. V\u00e5rt syfte \u00e4r att skydda integriteten f\u00f6r de uppgifter som du l\u00e4mnar till oss och att f\u00f6lja g\u00e4llande best\u00e4mmelser om skydd av personuppgifter. <\/span><\/p>\n\t\t\t\t\t\t\t\t<\/div>\n\t\t\t\t<\/div>\n\t\t\t\t<div class=\"elementor-element elementor-element-34dff77 elementor-widget elementor-widget-text-editor\" data-id=\"34dff77\" data-element_type=\"widget\" data-e-type=\"widget\" data-widget_type=\"text-editor.default\">\n\t\t\t\t<div class=\"elementor-widget-container\">\n\t\t\t\t\t\t\t\t\t<p><span data-sheets-root=\"1\">I enlighet med lag 3\/2018 av den 5 december om skydd av personuppgifter och garanti f\u00f6r digitala r\u00e4ttigheter som inf\u00f6rlivar f\u00f6rordning (EU) 2016\/679, informerar vi dig om f\u00f6ljande information om v\u00e5r integritets- och dataskyddspolicy:<\/span><\/p>\n\t\t\t\t\t\t\t\t<\/div>\n\t\t\t\t<\/div>\n\t\t\t\t<div class=\"elementor-element elementor-element-f9ec202 elementor-widget elementor-widget-heading\" data-id=\"f9ec202\" data-element_type=\"widget\" data-e-type=\"widget\" data-widget_type=\"heading.default\">\n\t\t\t\t<div class=\"elementor-widget-container\">\n\t\t\t\t\t<h2 class=\"elementor-heading-title elementor-size-default\">Vem \u00e4r ansvarig f\u00f6r behandlingen av dina uppgifter?<\/h2>\t\t\t\t<\/div>\n\t\t\t\t<\/div>\n\t\t\t\t<div class=\"elementor-element elementor-element-642a24d elementor-widget elementor-widget-text-editor\" data-id=\"642a24d\" data-element_type=\"widget\" data-e-type=\"widget\" data-widget_type=\"text-editor.default\">\n\t\t\t\t<div class=\"elementor-widget-container\">\n\t\t\t\t\t\t\t\t\t<p>Den organisation som ansvarar f\u00f6r dina uppgifter \u00e4r <strong>REGIOVISION GMBH SCHWERIN<\/strong> i Schwerin, Tyskland.<\/p>\n\t\t\t\t\t\t\t\t<\/div>\n\t\t\t\t<\/div>\n\t\t\t\t\t<\/div>\n\t\t\t\t<\/div>\n\t\t<div class=\"elementor-element elementor-element-24d6b49 e-flex e-con-boxed e-con e-parent\" data-id=\"24d6b49\" data-element_type=\"container\" data-e-type=\"container\" data-settings=\"{&quot;background_background&quot;:&quot;classic&quot;}\">\n\t\t\t\t\t<div class=\"e-con-inner\">\n\t\t<div class=\"elementor-element elementor-element-471be8e e-con-full e-flex e-con e-child\" data-id=\"471be8e\" data-element_type=\"container\" data-e-type=\"container\">\n\t\t<div class=\"elementor-element elementor-element-a3f07d9 e-flex e-con-boxed e-con e-child\" data-id=\"a3f07d9\" data-element_type=\"container\" data-e-type=\"container\" data-settings=\"{&quot;background_background&quot;:&quot;classic&quot;}\">\n\t\t\t\t\t<div class=\"e-con-inner\">\n\t\t\t\t<div class=\"elementor-element elementor-element-acfd769 elementor-widget__width-initial elementor-widget elementor-widget-heading\" data-id=\"acfd769\" data-element_type=\"widget\" data-e-type=\"widget\" data-widget_type=\"heading.default\">\n\t\t\t\t<div class=\"elementor-widget-container\">\n\t\t\t\t\t<div class=\"elementor-heading-title elementor-size-default\">Adress<\/div>\t\t\t\t<\/div>\n\t\t\t\t<\/div>\n\t\t\t\t<div class=\"elementor-element elementor-element-db1601a elementor-widget__width-initial elementor-widget elementor-widget-heading\" data-id=\"db1601a\" data-element_type=\"widget\" data-e-type=\"widget\" data-widget_type=\"heading.default\">\n\t\t\t\t<div class=\"elementor-widget-container\">\n\t\t\t\t\t<div class=\"elementor-heading-title elementor-size-default\">Am Margaretenhof 28, 19057 Schwerin<\/div>\t\t\t\t<\/div>\n\t\t\t\t<\/div>\n\t\t\t\t\t<\/div>\n\t\t\t\t<\/div>\n\t\t<div class=\"elementor-element elementor-element-22516ea e-flex e-con-boxed e-con e-child\" data-id=\"22516ea\" data-element_type=\"container\" data-e-type=\"container\">\n\t\t\t\t\t<div class=\"e-con-inner\">\n\t\t\t\t<div class=\"elementor-element elementor-element-63723b3 elementor-widget__width-initial elementor-widget elementor-widget-heading\" data-id=\"63723b3\" data-element_type=\"widget\" data-e-type=\"widget\" data-widget_type=\"heading.default\">\n\t\t\t\t<div class=\"elementor-widget-container\">\n\t\t\t\t\t<div class=\"elementor-heading-title elementor-size-default\">E-postkontakt<\/div>\t\t\t\t<\/div>\n\t\t\t\t<\/div>\n\t\t\t\t<div data-dce-title-color=\"#26B262\" class=\"elementor-element elementor-element-c6fb16f elementor-widget__width-initial elementor-widget elementor-widget-heading\" data-id=\"c6fb16f\" data-element_type=\"widget\" data-e-type=\"widget\" data-widget_type=\"heading.default\">\n\t\t\t\t<div class=\"elementor-widget-container\">\n\t\t\t\t\t<div class=\"elementor-heading-title elementor-size-default\"><a href=\"mailto:blum@regiovision-sn.de\">blum@regiovision-sn.de<\/a><\/div>\t\t\t\t<\/div>\n\t\t\t\t<\/div>\n\t\t\t\t\t<\/div>\n\t\t\t\t<\/div>\n\t\t<div class=\"elementor-element elementor-element-7556f3f e-flex e-con-boxed e-con e-child\" data-id=\"7556f3f\" data-element_type=\"container\" data-e-type=\"container\" data-settings=\"{&quot;background_background&quot;:&quot;classic&quot;}\">\n\t\t\t\t\t<div class=\"e-con-inner\">\n\t\t\t\t<div class=\"elementor-element elementor-element-4a1c79f elementor-widget__width-initial elementor-widget elementor-widget-heading\" data-id=\"4a1c79f\" data-element_type=\"widget\" data-e-type=\"widget\" data-widget_type=\"heading.default\">\n\t\t\t\t<div class=\"elementor-widget-container\">\n\t\t\t\t\t<div class=\"elementor-heading-title elementor-size-default\">Telefon<\/div>\t\t\t\t<\/div>\n\t\t\t\t<\/div>\n\t\t\t\t<div class=\"elementor-element elementor-element-80b9257 elementor-widget__width-initial elementor-widget elementor-widget-heading\" data-id=\"80b9257\" data-element_type=\"widget\" data-e-type=\"widget\" data-widget_type=\"heading.default\">\n\t\t\t\t<div class=\"elementor-widget-container\">\n\t\t\t\t\t<div class=\"elementor-heading-title elementor-size-default\">+49 (0)385 59379794<\/div>\t\t\t\t<\/div>\n\t\t\t\t<\/div>\n\t\t\t\t\t<\/div>\n\t\t\t\t<\/div>\n\t\t\t\t<\/div>\n\t\t\t\t<div class=\"elementor-element elementor-element-9f49c85 elementor-widget elementor-widget-heading\" data-id=\"9f49c85\" data-element_type=\"widget\" data-e-type=\"widget\" data-widget_type=\"heading.default\">\n\t\t\t\t<div class=\"elementor-widget-container\">\n\t\t\t\t\t<h2 class=\"elementor-heading-title elementor-size-default\">Vad \u00e4r syftet med behandlingen?<\/h2>\t\t\t\t<\/div>\n\t\t\t\t<\/div>\n\t\t\t\t<div class=\"elementor-element elementor-element-1db799a elementor-widget elementor-widget-text-editor\" data-id=\"1db799a\" data-element_type=\"widget\" data-e-type=\"widget\" data-widget_type=\"text-editor.default\">\n\t\t\t\t<div class=\"elementor-widget-container\">\n\t\t\t\t\t\t\t\t\t<ul>\n<li><span data-sheets-root=\"1\">F\u00f6r att svara p\u00e5 f\u00f6rfr\u00e5gningar, klagom\u00e5l och incidenter som \u00f6verf\u00f6rs via v\u00e5ra kontaktkanaler som ing\u00e5r i webbplatsen.<\/span><\/li>\n<li><span data-sheets-root=\"1\">F\u00f6r att f\u00f6rst\u00e5 navigat\u00f6rens beteende p\u00e5 webben f\u00f6r att uppt\u00e4cka eventuella datorattacker p\u00e5 v\u00e5r webb.<\/span><\/li>\n<li><span data-sheets-root=\"1\">F\u00f6lja r\u00e4ttsliga skyldigheter som \u00e4r direkt till\u00e4mpliga p\u00e5 oss och som reglerar v\u00e5r verksamhet.<\/span><\/li>\n<li><span data-sheets-root=\"1\">F\u00f6r att skydda och ut\u00f6va v\u00e5ra r\u00e4ttigheter eller f\u00f6r att svara p\u00e5 klagom\u00e5l av n\u00e5got slag.<\/span><\/li>\n<li><span data-sheets-root=\"1\">Skicka nyhetsbrev om de varor eller tj\u00e4nster som utg\u00f6r den ansvariga personens verksamhet eller nyheter relaterade till hans verksamhet.<\/span><\/li>\n<\/ul>\n\t\t\t\t\t\t\t\t<\/div>\n\t\t\t\t<\/div>\n\t\t\t\t\t<\/div>\n\t\t\t\t<\/div>\n\t\t<div class=\"elementor-element elementor-element-10b7980 e-flex e-con-boxed e-con e-parent\" data-id=\"10b7980\" data-element_type=\"container\" data-e-type=\"container\">\n\t\t\t\t\t<div class=\"e-con-inner\">\n\t\t\t\t<div class=\"elementor-element elementor-element-3b95f76 elementor-widget elementor-widget-heading\" data-id=\"3b95f76\" data-element_type=\"widget\" data-e-type=\"widget\" data-widget_type=\"heading.default\">\n\t\t\t\t<div class=\"elementor-widget-container\">\n\t\t\t\t\t<h2 class=\"elementor-heading-title elementor-size-default\">Vilken \u00e4r den r\u00e4ttsliga grunden f\u00f6r behandlingen?<\/h2>\t\t\t\t<\/div>\n\t\t\t\t<\/div>\n\t\t\t\t<div class=\"elementor-element elementor-element-1df5a80 elementor-widget elementor-widget-text-editor\" data-id=\"1df5a80\" data-element_type=\"widget\" data-e-type=\"widget\" data-widget_type=\"text-editor.default\">\n\t\t\t\t<div class=\"elementor-widget-container\">\n\t\t\t\t\t\t\t\t\t<p><span data-sheets-root=\"1\">Den r\u00e4ttsliga grunden f\u00f6r behandlingen av dina uppgifter \u00e4r den registrerades samtycke enligt artikel 6.1 a) i f\u00f6rordningen, samt den personuppgiftsansvariges ber\u00e4ttigade intresse enligt artikel 6.1 f) i f\u00f6rordningen.<\/span><\/p>\n\t\t\t\t\t\t\t\t<\/div>\n\t\t\t\t<\/div>\n\t\t\t\t<div class=\"elementor-element elementor-element-925f9d3 elementor-widget elementor-widget-text-editor\" data-id=\"925f9d3\" data-element_type=\"widget\" data-e-type=\"widget\" data-widget_type=\"text-editor.default\">\n\t\t\t\t<div class=\"elementor-widget-container\">\n\t\t\t\t\t\t\t\t\t<p><span data-sheets-root=\"1\">De uppgifter vi beg\u00e4r av dig \u00e4r adekvata, relevanta och absolut n\u00f6dv\u00e4ndiga och du \u00e4r inte i n\u00e5got fall skyldig att l\u00e4mna dem till oss, men om de inte l\u00e4mnas kan det p\u00e5verka syftet med tj\u00e4nsten eller g\u00f6ra det om\u00f6jligt att tillhandah\u00e5lla den.<\/span><\/p>\n\t\t\t\t\t\t\t\t<\/div>\n\t\t\t\t<\/div>\n\t\t\t\t<div class=\"elementor-element elementor-element-9fe6bfa elementor-widget elementor-widget-heading\" data-id=\"9fe6bfa\" data-element_type=\"widget\" data-e-type=\"widget\" data-widget_type=\"heading.default\">\n\t\t\t\t<div class=\"elementor-widget-container\">\n\t\t\t\t\t<h2 class=\"elementor-heading-title elementor-size-default\">Hur l\u00e4nge beh\u00e5ller vi dina uppgifter?<\/h2>\t\t\t\t<\/div>\n\t\t\t\t<\/div>\n\t\t\t\t<div class=\"elementor-element elementor-element-29a8010 elementor-widget elementor-widget-text-editor\" data-id=\"29a8010\" data-element_type=\"widget\" data-e-type=\"widget\" data-widget_type=\"text-editor.default\">\n\t\t\t\t<div class=\"elementor-widget-container\">\n\t\t\t\t\t\t\t\t\t<p><span data-sheets-root=\"1\">Dina uppgifter kommer att sparas under den tid som kr\u00e4vs f\u00f6r att tillhandah\u00e5lla den erbjudna tj\u00e4nsten p\u00e5 ett korrekt s\u00e4tt, samt f\u00f6r att uppfylla de skyldigheter som kan uppst\u00e5 till f\u00f6ljd av den och andra r\u00e4ttsliga krav.<\/span><\/p>\n\t\t\t\t\t\t\t\t<\/div>\n\t\t\t\t<\/div>\n\t\t\t\t\t<\/div>\n\t\t\t\t<\/div>\n\t\t<div class=\"elementor-element elementor-element-c596e12 e-flex e-con-boxed e-con e-parent\" data-id=\"c596e12\" data-element_type=\"container\" data-e-type=\"container\" data-settings=\"{&quot;background_background&quot;:&quot;classic&quot;}\">\n\t\t\t\t\t<div class=\"e-con-inner\">\n\t\t\t\t<div class=\"elementor-element elementor-element-66faa82 elementor-widget elementor-widget-heading\" data-id=\"66faa82\" data-element_type=\"widget\" data-e-type=\"widget\" data-widget_type=\"heading.default\">\n\t\t\t\t<div class=\"elementor-widget-container\">\n\t\t\t\t\t<h2 class=\"elementor-heading-title elementor-size-default\">Vilka mottagare kommer att f\u00e5 dina uppgifter?<\/h2>\t\t\t\t<\/div>\n\t\t\t\t<\/div>\n\t\t\t\t<div class=\"elementor-element elementor-element-b71bb88 elementor-widget elementor-widget-text-editor\" data-id=\"b71bb88\" data-element_type=\"widget\" data-e-type=\"widget\" data-widget_type=\"text-editor.default\">\n\t\t\t\t<div class=\"elementor-widget-container\">\n\t\t\t\t\t\t\t\t\t<p>I samband med behandlingen av dina uppgifter kan <strong>REGIOVISION GMBH SCHWERIN<\/strong> komma att dela dina uppgifter med: <\/p>\n<p>On Projects Advising SL, som leverant\u00f6r av tj\u00e4nster f\u00f6r webbhantering och underh\u00e5ll.<\/p>\n\t\t\t\t\t\t\t\t<\/div>\n\t\t\t\t<\/div>\n\t\t\t\t<div class=\"elementor-element elementor-element-1fef60c elementor-widget elementor-widget-heading\" data-id=\"1fef60c\" data-element_type=\"widget\" data-e-type=\"widget\" data-widget_type=\"heading.default\">\n\t\t\t\t<div class=\"elementor-widget-container\">\n\t\t\t\t\t<h2 class=\"elementor-heading-title elementor-size-default\">Vilka \u00e4r mina r\u00e4ttigheter?<\/h2>\t\t\t\t<\/div>\n\t\t\t\t<\/div>\n\t\t\t\t<div class=\"elementor-element elementor-element-dd5ca21 elementor-widget elementor-widget-text-editor\" data-id=\"dd5ca21\" data-element_type=\"widget\" data-e-type=\"widget\" data-widget_type=\"text-editor.default\">\n\t\t\t\t<div class=\"elementor-widget-container\">\n\t\t\t\t\t\t\t\t\t<ul>\n<li><span data-sheets-root=\"1\">R\u00e4tt till tillg\u00e5ng: r\u00e4tten att f\u00e5 bekr\u00e4ftelse p\u00e5 om personuppgifter behandlas, samt r\u00e4tten till tillg\u00e5ng till s\u00e5dana uppgifter.<\/span><\/li>\n<li><span data-sheets-root=\"1\">R\u00e4tt till r\u00e4ttelse av personuppgifter.<\/span><\/li>\n<li><span data-sheets-root=\"1\">R\u00e4tt till radering.<\/span><\/li>\n<li><span data-sheets-root=\"1\">R\u00e4tt till begr\u00e4nsning av behandling<\/span><\/li>\n<li><span data-sheets-root=\"1\">R\u00e4tt till dataportabilitet<\/span><\/li>\n<li><span data-sheets-root=\"1\">R\u00e4tt att inv\u00e4nda: r\u00e4tt att inv\u00e4nda mot att uppgifter behandlas.<\/span><\/li>\n<\/ul>\n\t\t\t\t\t\t\t\t<\/div>\n\t\t\t\t<\/div>\n\t\t\t\t<div class=\"elementor-element elementor-element-663943c elementor-widget elementor-widget-text-editor\" data-id=\"663943c\" data-element_type=\"widget\" data-e-type=\"widget\" data-widget_type=\"text-editor.default\">\n\t\t\t\t<div class=\"elementor-widget-container\">\n\t\t\t\t\t\t\t\t\t<p><span data-sheets-root=\"1\">Den personuppgiftsansvarige beh\u00e5ller r\u00e4tten att begr\u00e4nsa de r\u00e4ttigheter som anges i artikel 23 i EU-f\u00f6rordningen, om en s\u00e5dan begr\u00e4nsning tillhandah\u00e5lls f\u00f6r att skydda, i synnerhet grundl\u00e4ggande r\u00e4ttigheter och friheter och \u00e4r en n\u00f6dv\u00e4ndig och proportionerlig \u00e5tg\u00e4rd.<\/span><\/p>\n\t\t\t\t\t\t\t\t<\/div>\n\t\t\t\t<\/div>\n\t\t\t\t\t<\/div>\n\t\t\t\t<\/div>\n\t\t<div class=\"elementor-element elementor-element-b06e75b e-flex e-con-boxed e-con e-parent\" data-id=\"b06e75b\" data-element_type=\"container\" data-e-type=\"container\">\n\t\t\t\t\t<div class=\"e-con-inner\">\n\t\t\t\t<div class=\"elementor-element elementor-element-7f7e822 elementor-widget elementor-widget-heading\" data-id=\"7f7e822\" data-element_type=\"widget\" data-e-type=\"widget\" data-widget_type=\"heading.default\">\n\t\t\t\t<div class=\"elementor-widget-container\">\n\t\t\t\t\t<h2 class=\"elementor-heading-title elementor-size-default\">Var kan jag l\u00e4mna in ett klagom\u00e5l?<\/h2>\t\t\t\t<\/div>\n\t\t\t\t<\/div>\n\t\t\t\t<div class=\"elementor-element elementor-element-71b7a97 elementor-widget elementor-widget-text-editor\" data-id=\"71b7a97\" data-element_type=\"widget\" data-e-type=\"widget\" data-widget_type=\"text-editor.default\">\n\t\t\t\t<div class=\"elementor-widget-container\">\n\t\t\t\t\t\t\t\t\t<p><span data-sheets-root=\"1\">Om n\u00e5gon ber\u00f6rd part anser att dennes uppgifter inte behandlas korrekt kan de skicka deras klagom\u00e5l till f\u00f6ljande e-postadress:<\/span><\/p>\n\t\t\t\t\t\t\t\t<\/div>\n\t\t\t\t<\/div>\n\t\t\t\t<div class=\"elementor-element elementor-element-896a230 elementor-widget elementor-widget-text-editor\" data-id=\"896a230\" data-element_type=\"widget\" data-e-type=\"widget\" data-widget_type=\"text-editor.default\">\n\t\t\t\t<div class=\"elementor-widget-container\">\n\t\t\t\t\t\t\t\t\t<p><span data-sheets-root=\"1\">Den registrerade f\u00f6rklarar att han eller hon har erh\u00e5llit all denna information frivilligt.<\/span><\/p>\n\t\t\t\t\t\t\t\t<\/div>\n\t\t\t\t<\/div>\n\t\t\t\t\t<\/div>\n\t\t\t\t<\/div>\n\t\t\t\t<\/div>\n\t\t","protected":false},"excerpt":{"rendered":"<p>Integritetspolicy P\u00e5 SUFABU tar vi skyddet av dina personuppgifter p\u00e5 st\u00f6rsta allvar. V\u00e5rt syfte \u00e4r att skydda integriteten f\u00f6r de uppgifter som du l\u00e4mnar till oss och att f\u00f6lja g\u00e4llande best\u00e4mmelser om skydd av personuppgifter. I enlighet med lag 3\/2018 av den 5 december om skydd av personuppgifter och garanti f\u00f6r digitala r\u00e4ttigheter som inf\u00f6rlivar [&hellip;]<\/p>\n","protected":false},"author":1,"featured_media":0,"parent":0,"menu_order":0,"comment_status":"closed","ping_status":"closed","template":"elementor_header_footer","meta":{"_acf_changed":false,"footnotes":""},"class_list":["post-894","page","type-page","status-publish","hentry"],"acf":[],"yoast_head":"<!-- This site is optimized with the Yoast SEO plugin v27.4 - https:\/\/yoast.com\/product\/yoast-seo-wordpress\/ -->\n<title>Integritetspolicy - GREENSUFABU<\/title>\n<meta name=\"robots\" content=\"index, follow, max-snippet:-1, max-image-preview:large, max-video-preview:-1\" \/>\n<link rel=\"canonical\" href=\"https:\/\/greensufabu.eu\/sv\/integritetspolicy\" \/>\n<meta property=\"og:locale\" content=\"sv_SE\" \/>\n<meta property=\"og:type\" content=\"article\" \/>\n<meta property=\"og:title\" content=\"Integritetspolicy - GREENSUFABU\" \/>\n<meta property=\"og:description\" content=\"Integritetspolicy P\u00e5 SUFABU tar vi skyddet av dina personuppgifter p\u00e5 st\u00f6rsta allvar. V\u00e5rt syfte \u00e4r att skydda integriteten f\u00f6r de uppgifter som du l\u00e4mnar till oss och att f\u00f6lja g\u00e4llande best\u00e4mmelser om skydd av personuppgifter. I enlighet med lag 3\/2018 av den 5 december om skydd av personuppgifter och garanti f\u00f6r digitala r\u00e4ttigheter som inf\u00f6rlivar [&hellip;]\" \/>\n<meta property=\"og:url\" content=\"https:\/\/greensufabu.eu\/sv\/integritetspolicy\" \/>\n<meta property=\"og:site_name\" content=\"GREENSUFABU\" \/>\n<meta property=\"article:modified_time\" content=\"2024-10-17T05:54:46+00:00\" \/>\n<meta name=\"twitter:card\" content=\"summary_large_image\" \/>\n<meta name=\"twitter:label1\" content=\"Ber\u00e4knad l\u00e4stid\" \/>\n\t<meta name=\"twitter:data1\" content=\"3 minuter\" \/>\n<script type=\"application\/ld+json\" class=\"yoast-schema-graph\">{\"@context\":\"https:\\\/\\\/schema.org\",\"@graph\":[{\"@type\":\"WebPage\",\"@id\":\"https:\\\/\\\/greensufabu.eu\\\/sv\\\/integritetspolicy\",\"url\":\"https:\\\/\\\/greensufabu.eu\\\/sv\\\/integritetspolicy\",\"name\":\"Integritetspolicy - GREENSUFABU\",\"isPartOf\":{\"@id\":\"https:\\\/\\\/greensufabu.eu\\\/#website\"},\"datePublished\":\"2024-10-08T08:57:16+00:00\",\"dateModified\":\"2024-10-17T05:54:46+00:00\",\"breadcrumb\":{\"@id\":\"https:\\\/\\\/greensufabu.eu\\\/sv\\\/integritetspolicy#breadcrumb\"},\"inLanguage\":\"sv-SE\",\"potentialAction\":[{\"@type\":\"ReadAction\",\"target\":[\"https:\\\/\\\/greensufabu.eu\\\/sv\\\/integritetspolicy\"]}]},{\"@type\":\"BreadcrumbList\",\"@id\":\"https:\\\/\\\/greensufabu.eu\\\/sv\\\/integritetspolicy#breadcrumb\",\"itemListElement\":[{\"@type\":\"ListItem\",\"position\":1,\"name\":\"Home\",\"item\":\"https:\\\/\\\/greensufabu.eu\\\/sv\\\/home\"},{\"@type\":\"ListItem\",\"position\":2,\"name\":\"Integritetspolicy\"}]},{\"@type\":\"WebSite\",\"@id\":\"https:\\\/\\\/greensufabu.eu\\\/#website\",\"url\":\"https:\\\/\\\/greensufabu.eu\\\/\",\"name\":\"GREENSUFABU\",\"description\":\"\",\"publisher\":{\"@id\":\"https:\\\/\\\/greensufabu.eu\\\/#organization\"},\"potentialAction\":[{\"@type\":\"SearchAction\",\"target\":{\"@type\":\"EntryPoint\",\"urlTemplate\":\"https:\\\/\\\/greensufabu.eu\\\/?s={search_term_string}\"},\"query-input\":{\"@type\":\"PropertyValueSpecification\",\"valueRequired\":true,\"valueName\":\"search_term_string\"}}],\"inLanguage\":\"sv-SE\"},{\"@type\":\"Organization\",\"@id\":\"https:\\\/\\\/greensufabu.eu\\\/#organization\",\"name\":\"GREENSUFABU\",\"url\":\"https:\\\/\\\/greensufabu.eu\\\/\",\"logo\":{\"@type\":\"ImageObject\",\"inLanguage\":\"sv-SE\",\"@id\":\"https:\\\/\\\/greensufabu.eu\\\/#\\\/schema\\\/logo\\\/image\\\/\",\"url\":\"https:\\\/\\\/greensufabu.eu\\\/wp-content\\\/uploads\\\/2024\\\/05\\\/LOGO.png\",\"contentUrl\":\"https:\\\/\\\/greensufabu.eu\\\/wp-content\\\/uploads\\\/2024\\\/05\\\/LOGO.png\",\"width\":692,\"height\":792,\"caption\":\"GREENSUFABU\"},\"image\":{\"@id\":\"https:\\\/\\\/greensufabu.eu\\\/#\\\/schema\\\/logo\\\/image\\\/\"}}]}<\/script>\n<!-- \/ Yoast SEO plugin. -->","yoast_head_json":{"title":"Integritetspolicy - GREENSUFABU","robots":{"index":"index","follow":"follow","max-snippet":"max-snippet:-1","max-image-preview":"max-image-preview:large","max-video-preview":"max-video-preview:-1"},"canonical":"https:\/\/greensufabu.eu\/sv\/integritetspolicy","og_locale":"sv_SE","og_type":"article","og_title":"Integritetspolicy - GREENSUFABU","og_description":"Integritetspolicy P\u00e5 SUFABU tar vi skyddet av dina personuppgifter p\u00e5 st\u00f6rsta allvar. V\u00e5rt syfte \u00e4r att skydda integriteten f\u00f6r de uppgifter som du l\u00e4mnar till oss och att f\u00f6lja g\u00e4llande best\u00e4mmelser om skydd av personuppgifter. I enlighet med lag 3\/2018 av den 5 december om skydd av personuppgifter och garanti f\u00f6r digitala r\u00e4ttigheter som inf\u00f6rlivar [&hellip;]","og_url":"https:\/\/greensufabu.eu\/sv\/integritetspolicy","og_site_name":"GREENSUFABU","article_modified_time":"2024-10-17T05:54:46+00:00","twitter_card":"summary_large_image","twitter_misc":{"Ber\u00e4knad l\u00e4stid":"3 minuter"},"schema":{"@context":"https:\/\/schema.org","@graph":[{"@type":"WebPage","@id":"https:\/\/greensufabu.eu\/sv\/integritetspolicy","url":"https:\/\/greensufabu.eu\/sv\/integritetspolicy","name":"Integritetspolicy - GREENSUFABU","isPartOf":{"@id":"https:\/\/greensufabu.eu\/#website"},"datePublished":"2024-10-08T08:57:16+00:00","dateModified":"2024-10-17T05:54:46+00:00","breadcrumb":{"@id":"https:\/\/greensufabu.eu\/sv\/integritetspolicy#breadcrumb"},"inLanguage":"sv-SE","potentialAction":[{"@type":"ReadAction","target":["https:\/\/greensufabu.eu\/sv\/integritetspolicy"]}]},{"@type":"BreadcrumbList","@id":"https:\/\/greensufabu.eu\/sv\/integritetspolicy#breadcrumb","itemListElement":[{"@type":"ListItem","position":1,"name":"Home","item":"https:\/\/greensufabu.eu\/sv\/home"},{"@type":"ListItem","position":2,"name":"Integritetspolicy"}]},{"@type":"WebSite","@id":"https:\/\/greensufabu.eu\/#website","url":"https:\/\/greensufabu.eu\/","name":"GREENSUFABU","description":"","publisher":{"@id":"https:\/\/greensufabu.eu\/#organization"},"potentialAction":[{"@type":"SearchAction","target":{"@type":"EntryPoint","urlTemplate":"https:\/\/greensufabu.eu\/?s={search_term_string}"},"query-input":{"@type":"PropertyValueSpecification","valueRequired":true,"valueName":"search_term_string"}}],"inLanguage":"sv-SE"},{"@type":"Organization","@id":"https:\/\/greensufabu.eu\/#organization","name":"GREENSUFABU","url":"https:\/\/greensufabu.eu\/","logo":{"@type":"ImageObject","inLanguage":"sv-SE","@id":"https:\/\/greensufabu.eu\/#\/schema\/logo\/image\/","url":"https:\/\/greensufabu.eu\/wp-content\/uploads\/2024\/05\/LOGO.png","contentUrl":"https:\/\/greensufabu.eu\/wp-content\/uploads\/2024\/05\/LOGO.png","width":692,"height":792,"caption":"GREENSUFABU"},"image":{"@id":"https:\/\/greensufabu.eu\/#\/schema\/logo\/image\/"}}]}},"_links":{"self":[{"href":"https:\/\/greensufabu.eu\/sv\/wp-json\/wp\/v2\/pages\/894","targetHints":{"allow":["GET"]}}],"collection":[{"href":"https:\/\/greensufabu.eu\/sv\/wp-json\/wp\/v2\/pages"}],"about":[{"href":"https:\/\/greensufabu.eu\/sv\/wp-json\/wp\/v2\/types\/page"}],"author":[{"embeddable":true,"href":"https:\/\/greensufabu.eu\/sv\/wp-json\/wp\/v2\/users\/1"}],"replies":[{"embeddable":true,"href":"https:\/\/greensufabu.eu\/sv\/wp-json\/wp\/v2\/comments?post=894"}],"version-history":[{"count":1,"href":"https:\/\/greensufabu.eu\/sv\/wp-json\/wp\/v2\/pages\/894\/revisions"}],"predecessor-version":[{"id":895,"href":"https:\/\/greensufabu.eu\/sv\/wp-json\/wp\/v2\/pages\/894\/revisions\/895"}],"wp:attachment":[{"href":"https:\/\/greensufabu.eu\/sv\/wp-json\/wp\/v2\/media?parent=894"}],"curies":[{"name":"wp","href":"https:\/\/api.w.org\/{rel}","templated":true}]}}