{"id":869,"date":"2024-10-08T08:57:16","date_gmt":"2024-10-08T08:57:16","guid":{"rendered":"https:\/\/greensufabu.eu\/politica-sulla-privacy"},"modified":"2024-10-10T09:35:20","modified_gmt":"2024-10-10T09:35:20","slug":"politica-sulla-privacy","status":"publish","type":"page","link":"https:\/\/greensufabu.eu\/it\/politica-sulla-privacy","title":{"rendered":"Politica sulla privacy"},"content":{"rendered":"\t\t<div data-elementor-type=\"wp-page\" data-elementor-id=\"869\" class=\"elementor elementor-869 elementor-766\" data-elementor-post-type=\"page\">\n\t\t\t\t<div data-dce-background-image-url=\"https:\/\/greensufabu.eu\/wp-content\/uploads\/2024\/06\/pexels-olly-3823488-scaled.jpg\" class=\"elementor-element elementor-element-be46d4b e-con-full e-flex e-con e-parent\" data-id=\"be46d4b\" data-element_type=\"container\" data-e-type=\"container\" data-settings=\"{&quot;background_background&quot;:&quot;classic&quot;}\">\n\t\t\t\t<div class=\"elementor-element elementor-element-2df494b elementor-widget elementor-widget-heading\" data-id=\"2df494b\" data-element_type=\"widget\" data-e-type=\"widget\" data-widget_type=\"heading.default\">\n\t\t\t\t<div class=\"elementor-widget-container\">\n\t\t\t\t\t<h2 class=\"elementor-heading-title elementor-size-default\">Politica sulla privacy<\/h2>\t\t\t\t<\/div>\n\t\t\t\t<\/div>\n\t\t\t\t<\/div>\n\t\t<div class=\"elementor-element elementor-element-6838d81 e-flex e-con-boxed e-con e-parent\" data-id=\"6838d81\" data-element_type=\"container\" data-e-type=\"container\">\n\t\t\t\t\t<div class=\"e-con-inner\">\n\t\t\t\t<div class=\"elementor-element elementor-element-7a627f9 elementor-widget elementor-widget-text-editor\" data-id=\"7a627f9\" data-element_type=\"widget\" data-e-type=\"widget\" data-widget_type=\"text-editor.default\">\n\t\t\t\t<div class=\"elementor-widget-container\">\n\t\t\t\t\t\t\t\t\t<p><span data-sheets-root=\"1\">In SUFABU<\/span><span data-sheets-root=\"1\"> prendiamo molto sul serio la protezione dei dati personali. Il nostro scopo \u00e8 proteggere la riservatezza dei dati che ci fornisci e rispettare le normative vigenti in materia di protezione dei dati personali. <\/span><\/p>\n\t\t\t\t\t\t\t\t<\/div>\n\t\t\t\t<\/div>\n\t\t\t\t<div class=\"elementor-element elementor-element-34dff77 elementor-widget elementor-widget-text-editor\" data-id=\"34dff77\" data-element_type=\"widget\" data-e-type=\"widget\" data-widget_type=\"text-editor.default\">\n\t\t\t\t<div class=\"elementor-widget-container\">\n\t\t\t\t\t\t\t\t\t<p><span data-sheets-root=\"1\">In conformit\u00e0 con la legge 3\/2018 del 5 dicembre sulla protezione dei dati personali e sulla garanzia dei diritti digitali che recepisce il regolamento (UE) 2016\/679, ti informiamo delle seguenti informazioni sulla nostra politica sulla privacy e sulla protezione dei dati:<\/span><\/p>\n\t\t\t\t\t\t\t\t<\/div>\n\t\t\t\t<\/div>\n\t\t\t\t<div class=\"elementor-element elementor-element-f9ec202 elementor-widget elementor-widget-heading\" data-id=\"f9ec202\" data-element_type=\"widget\" data-e-type=\"widget\" data-widget_type=\"heading.default\">\n\t\t\t\t<div class=\"elementor-widget-container\">\n\t\t\t\t\t<h2 class=\"elementor-heading-title elementor-size-default\">Chi \u00e8 il titolare del trattamento dei tuoi dati?<\/h2>\t\t\t\t<\/div>\n\t\t\t\t<\/div>\n\t\t\t\t<div class=\"elementor-element elementor-element-642a24d elementor-widget elementor-widget-text-editor\" data-id=\"642a24d\" data-element_type=\"widget\" data-e-type=\"widget\" data-widget_type=\"text-editor.default\">\n\t\t\t\t<div class=\"elementor-widget-container\">\n\t\t\t\t\t\t\t\t\t<p>L&#8217;organizzazione responsabile dei tuoi dati \u00e8 <strong>REGIOVISION GMBH SCHWERIN<\/strong>con sede a Schwerin (Germania).<\/p>\n\t\t\t\t\t\t\t\t<\/div>\n\t\t\t\t<\/div>\n\t\t\t\t\t<\/div>\n\t\t\t\t<\/div>\n\t\t<div class=\"elementor-element elementor-element-24d6b49 e-flex e-con-boxed e-con e-parent\" data-id=\"24d6b49\" data-element_type=\"container\" data-e-type=\"container\" data-settings=\"{&quot;background_background&quot;:&quot;classic&quot;}\">\n\t\t\t\t\t<div class=\"e-con-inner\">\n\t\t<div class=\"elementor-element elementor-element-471be8e e-con-full e-flex e-con e-child\" data-id=\"471be8e\" data-element_type=\"container\" data-e-type=\"container\">\n\t\t<div class=\"elementor-element elementor-element-a3f07d9 e-flex e-con-boxed e-con e-child\" data-id=\"a3f07d9\" data-element_type=\"container\" data-e-type=\"container\" data-settings=\"{&quot;background_background&quot;:&quot;classic&quot;}\">\n\t\t\t\t\t<div class=\"e-con-inner\">\n\t\t\t\t<div class=\"elementor-element elementor-element-acfd769 elementor-widget__width-initial elementor-widget elementor-widget-heading\" data-id=\"acfd769\" data-element_type=\"widget\" data-e-type=\"widget\" data-widget_type=\"heading.default\">\n\t\t\t\t<div class=\"elementor-widget-container\">\n\t\t\t\t\t<div class=\"elementor-heading-title elementor-size-default\">Indirizzo<\/div>\t\t\t\t<\/div>\n\t\t\t\t<\/div>\n\t\t\t\t<div class=\"elementor-element elementor-element-db1601a elementor-widget__width-initial elementor-widget elementor-widget-heading\" data-id=\"db1601a\" data-element_type=\"widget\" data-e-type=\"widget\" data-widget_type=\"heading.default\">\n\t\t\t\t<div class=\"elementor-widget-container\">\n\t\t\t\t\t<div class=\"elementor-heading-title elementor-size-default\">Am Margaretenhof 28, 19057 Schwerin<\/div>\t\t\t\t<\/div>\n\t\t\t\t<\/div>\n\t\t\t\t\t<\/div>\n\t\t\t\t<\/div>\n\t\t<div class=\"elementor-element elementor-element-22516ea e-flex e-con-boxed e-con e-child\" data-id=\"22516ea\" data-element_type=\"container\" data-e-type=\"container\">\n\t\t\t\t\t<div class=\"e-con-inner\">\n\t\t\t\t<div class=\"elementor-element elementor-element-63723b3 elementor-widget__width-initial elementor-widget elementor-widget-heading\" data-id=\"63723b3\" data-element_type=\"widget\" data-e-type=\"widget\" data-widget_type=\"heading.default\">\n\t\t\t\t<div class=\"elementor-widget-container\">\n\t\t\t\t\t<div class=\"elementor-heading-title elementor-size-default\">Contatto e-mail<\/div>\t\t\t\t<\/div>\n\t\t\t\t<\/div>\n\t\t\t\t<div data-dce-title-color=\"#26B262\" class=\"elementor-element elementor-element-c6fb16f elementor-widget__width-initial elementor-widget elementor-widget-heading\" data-id=\"c6fb16f\" data-element_type=\"widget\" data-e-type=\"widget\" data-widget_type=\"heading.default\">\n\t\t\t\t<div class=\"elementor-widget-container\">\n\t\t\t\t\t<div class=\"elementor-heading-title elementor-size-default\"><a href=\"mailto:blum@regiovision-sn.de\">blum@regiovision-sn.de<\/a><\/div>\t\t\t\t<\/div>\n\t\t\t\t<\/div>\n\t\t\t\t\t<\/div>\n\t\t\t\t<\/div>\n\t\t<div class=\"elementor-element elementor-element-7556f3f e-flex e-con-boxed e-con e-child\" data-id=\"7556f3f\" data-element_type=\"container\" data-e-type=\"container\" data-settings=\"{&quot;background_background&quot;:&quot;classic&quot;}\">\n\t\t\t\t\t<div class=\"e-con-inner\">\n\t\t\t\t<div class=\"elementor-element elementor-element-4a1c79f elementor-widget__width-initial elementor-widget elementor-widget-heading\" data-id=\"4a1c79f\" data-element_type=\"widget\" data-e-type=\"widget\" data-widget_type=\"heading.default\">\n\t\t\t\t<div class=\"elementor-widget-container\">\n\t\t\t\t\t<div class=\"elementor-heading-title elementor-size-default\">Telefono<\/div>\t\t\t\t<\/div>\n\t\t\t\t<\/div>\n\t\t\t\t<div class=\"elementor-element elementor-element-80b9257 elementor-widget__width-initial elementor-widget elementor-widget-heading\" data-id=\"80b9257\" data-element_type=\"widget\" data-e-type=\"widget\" data-widget_type=\"heading.default\">\n\t\t\t\t<div class=\"elementor-widget-container\">\n\t\t\t\t\t<div class=\"elementor-heading-title elementor-size-default\">+49 (0)385 59379794<\/div>\t\t\t\t<\/div>\n\t\t\t\t<\/div>\n\t\t\t\t\t<\/div>\n\t\t\t\t<\/div>\n\t\t\t\t<\/div>\n\t\t\t\t<div class=\"elementor-element elementor-element-9f49c85 elementor-widget elementor-widget-heading\" data-id=\"9f49c85\" data-element_type=\"widget\" data-e-type=\"widget\" data-widget_type=\"heading.default\">\n\t\t\t\t<div class=\"elementor-widget-container\">\n\t\t\t\t\t<h2 class=\"elementor-heading-title elementor-size-default\">Qual \u00e8 lo scopo del trattamento?<\/h2>\t\t\t\t<\/div>\n\t\t\t\t<\/div>\n\t\t\t\t<div class=\"elementor-element elementor-element-1db799a elementor-widget elementor-widget-text-editor\" data-id=\"1db799a\" data-element_type=\"widget\" data-e-type=\"widget\" data-widget_type=\"text-editor.default\">\n\t\t\t\t<div class=\"elementor-widget-container\">\n\t\t\t\t\t\t\t\t\t<ul>\n<li><span data-sheets-root=\"1\">Per rispondere a richieste, reclami e incidenti trasferiti attraverso i nostri canali di contatto incorporati nel sito web.<\/span><\/li>\n<li><span data-sheets-root=\"1\">Comprendere il comportamento del navigatore all\u2019interno del web al fine di rilevare eventuali attacchi informatici al nostro web.<\/span><\/li>\n<li><span data-sheets-root=\"1\">Rispettare gli obblighi legali a noi direttamente applicabili e regolare la nostra attivit\u00e0.<\/span><\/li>\n<li><span data-sheets-root=\"1\">Per proteggere ed esercitare i nostri diritti o per rispondere a reclami di qualsiasi tipo.<\/span><\/li>\n<li><span data-sheets-root=\"1\">Invio di newsletter relative ai beni o servizi che compongono l\u2019attivit\u00e0 del responsabile o notizie relative alla sua attivit\u00e0.<\/span><\/li>\n<\/ul>\n\t\t\t\t\t\t\t\t<\/div>\n\t\t\t\t<\/div>\n\t\t\t\t\t<\/div>\n\t\t\t\t<\/div>\n\t\t<div class=\"elementor-element elementor-element-10b7980 e-flex e-con-boxed e-con e-parent\" data-id=\"10b7980\" data-element_type=\"container\" data-e-type=\"container\">\n\t\t\t\t\t<div class=\"e-con-inner\">\n\t\t\t\t<div class=\"elementor-element elementor-element-3b95f76 elementor-widget elementor-widget-heading\" data-id=\"3b95f76\" data-element_type=\"widget\" data-e-type=\"widget\" data-widget_type=\"heading.default\">\n\t\t\t\t<div class=\"elementor-widget-container\">\n\t\t\t\t\t<h2 class=\"elementor-heading-title elementor-size-default\">Qual \u00e8 la base giuridica del trattamento?<\/h2>\t\t\t\t<\/div>\n\t\t\t\t<\/div>\n\t\t\t\t<div class=\"elementor-element elementor-element-1df5a80 elementor-widget elementor-widget-text-editor\" data-id=\"1df5a80\" data-element_type=\"widget\" data-e-type=\"widget\" data-widget_type=\"text-editor.default\">\n\t\t\t\t<div class=\"elementor-widget-container\">\n\t\t\t\t\t\t\t\t\t<p><span data-sheets-root=\"1\">La base giuridica del trattamento dei Suoi dati \u00e8 il consenso dell\u2019interessato ai sensi dell\u2019articolo 6.1 a) del Regolamento, nonch\u00e9 il legittimo interesse del titolare del trattamento ai sensi dell\u2019articolo 6.1 f) del Regolamento.<\/span><\/p>\n\t\t\t\t\t\t\t\t<\/div>\n\t\t\t\t<\/div>\n\t\t\t\t<div class=\"elementor-element elementor-element-925f9d3 elementor-widget elementor-widget-text-editor\" data-id=\"925f9d3\" data-element_type=\"widget\" data-e-type=\"widget\" data-widget_type=\"text-editor.default\">\n\t\t\t\t<div class=\"elementor-widget-container\">\n\t\t\t\t\t\t\t\t\t<p><span data-sheets-root=\"1\">I dati che ti chiediamo sono adeguati, pertinenti e strettamente necessari e in nessun caso sei obbligato a fornirceli, ma la loro mancata comunicazione pu\u00f2 pregiudicare la finalit\u00e0 del servizio o l\u2019impossibilit\u00e0 di fornirlo.<\/span><\/p>\n\t\t\t\t\t\t\t\t<\/div>\n\t\t\t\t<\/div>\n\t\t\t\t<div class=\"elementor-element elementor-element-9fe6bfa elementor-widget elementor-widget-heading\" data-id=\"9fe6bfa\" data-element_type=\"widget\" data-e-type=\"widget\" data-widget_type=\"heading.default\">\n\t\t\t\t<div class=\"elementor-widget-container\">\n\t\t\t\t\t<h2 class=\"elementor-heading-title elementor-size-default\">Per quanto tempo conserviamo i tuoi dati?<\/h2>\t\t\t\t<\/div>\n\t\t\t\t<\/div>\n\t\t\t\t<div class=\"elementor-element elementor-element-29a8010 elementor-widget elementor-widget-text-editor\" data-id=\"29a8010\" data-element_type=\"widget\" data-e-type=\"widget\" data-widget_type=\"text-editor.default\">\n\t\t\t\t<div class=\"elementor-widget-container\">\n\t\t\t\t\t\t\t\t\t<p><span data-sheets-root=\"1\">I tuoi dati saranno conservati per il tempo necessario alla corretta erogazione del servizio offerto, nonch\u00e9 per far fronte alle responsabilit\u00e0 che dallo stesso dovessero derivare ed ogni altro obbligo di legge.<\/span><\/p>\n\t\t\t\t\t\t\t\t<\/div>\n\t\t\t\t<\/div>\n\t\t\t\t\t<\/div>\n\t\t\t\t<\/div>\n\t\t<div class=\"elementor-element elementor-element-c596e12 e-flex e-con-boxed e-con e-parent\" data-id=\"c596e12\" data-element_type=\"container\" data-e-type=\"container\" data-settings=\"{&quot;background_background&quot;:&quot;classic&quot;}\">\n\t\t\t\t\t<div class=\"e-con-inner\">\n\t\t\t\t<div class=\"elementor-element elementor-element-66faa82 elementor-widget elementor-widget-heading\" data-id=\"66faa82\" data-element_type=\"widget\" data-e-type=\"widget\" data-widget_type=\"heading.default\">\n\t\t\t\t<div class=\"elementor-widget-container\">\n\t\t\t\t\t<h2 class=\"elementor-heading-title elementor-size-default\">Quali destinatari riceveranno i tuoi dati?<\/h2>\t\t\t\t<\/div>\n\t\t\t\t<\/div>\n\t\t\t\t<div class=\"elementor-element elementor-element-b71bb88 elementor-widget elementor-widget-text-editor\" data-id=\"b71bb88\" data-element_type=\"widget\" data-e-type=\"widget\" data-widget_type=\"text-editor.default\">\n\t\t\t\t<div class=\"elementor-widget-container\">\n\t\t\t\t\t\t\t\t\t<p>Nel corso del trattamento dei tuoi dati,<strong>REGIOVISION GMBH SCHWERIN<\/strong> pu\u00f2 condividere i tuoi dati con: <\/p>\n<p>On Projects Advising SL, come fornitori di servizi di gestione e manutenzione web.<\/p>\n\t\t\t\t\t\t\t\t<\/div>\n\t\t\t\t<\/div>\n\t\t\t\t<div class=\"elementor-element elementor-element-1fef60c elementor-widget elementor-widget-heading\" data-id=\"1fef60c\" data-element_type=\"widget\" data-e-type=\"widget\" data-widget_type=\"heading.default\">\n\t\t\t\t<div class=\"elementor-widget-container\">\n\t\t\t\t\t<h2 class=\"elementor-heading-title elementor-size-default\">Quali sono i miei diritti?<\/h2>\t\t\t\t<\/div>\n\t\t\t\t<\/div>\n\t\t\t\t<div class=\"elementor-element elementor-element-dd5ca21 elementor-widget elementor-widget-text-editor\" data-id=\"dd5ca21\" data-element_type=\"widget\" data-e-type=\"widget\" data-widget_type=\"text-editor.default\">\n\t\t\t\t<div class=\"elementor-widget-container\">\n\t\t\t\t\t\t\t\t\t<ul>\n<li><span data-sheets-root=\"1\">Diritto di accesso: il diritto di ottenere conferma che sia o meno in corso un trattamento di dati personali, nonch\u00e9 il diritto di accesso a tali dati.<\/span><\/li>\n<li><span data-sheets-root=\"1\">Diritto alla rettifica dei dati personali.<\/span><\/li>\n<li><span data-sheets-root=\"1\">Diritto alla cancellazione<\/span><\/li>\n<li><span data-sheets-root=\"1\">Diritto alla limitazione del trattamento<\/span><\/li>\n<li><span data-sheets-root=\"1\">Diritto alla portabilit\u00e0 dei dati<\/span><\/li>\n<li><span data-sheets-root=\"1\">Diritto di opposizione: diritto di opposizione al trattamento dei dati.<\/span><\/li>\n<\/ul>\n\t\t\t\t\t\t\t\t<\/div>\n\t\t\t\t<\/div>\n\t\t\t\t<div class=\"elementor-element elementor-element-663943c elementor-widget elementor-widget-text-editor\" data-id=\"663943c\" data-element_type=\"widget\" data-e-type=\"widget\" data-widget_type=\"text-editor.default\">\n\t\t\t\t<div class=\"elementor-widget-container\">\n\t\t\t\t\t\t\t\t\t<p><span data-sheets-root=\"1\">Il titolare del trattamento conserva il diritto di limitare i diritti di cui all\u2019articolo 23 del Regolamento UE, se tale restrizione \u00e8 prevista per tutelare, in particolare, i diritti e le libert\u00e0 fondamentali ed \u00e8 una misura necessaria e proporzionata.<\/span><\/p>\n\t\t\t\t\t\t\t\t<\/div>\n\t\t\t\t<\/div>\n\t\t\t\t\t<\/div>\n\t\t\t\t<\/div>\n\t\t<div class=\"elementor-element elementor-element-b06e75b e-flex e-con-boxed e-con e-parent\" data-id=\"b06e75b\" data-element_type=\"container\" data-e-type=\"container\">\n\t\t\t\t\t<div class=\"e-con-inner\">\n\t\t\t\t<div class=\"elementor-element elementor-element-7f7e822 elementor-widget elementor-widget-heading\" data-id=\"7f7e822\" data-element_type=\"widget\" data-e-type=\"widget\" data-widget_type=\"heading.default\">\n\t\t\t\t<div class=\"elementor-widget-container\">\n\t\t\t\t\t<h2 class=\"elementor-heading-title elementor-size-default\">Dove posso fare un reclamo?<\/h2>\t\t\t\t<\/div>\n\t\t\t\t<\/div>\n\t\t\t\t<div class=\"elementor-element elementor-element-71b7a97 elementor-widget elementor-widget-text-editor\" data-id=\"71b7a97\" data-element_type=\"widget\" data-e-type=\"widget\" data-widget_type=\"text-editor.default\">\n\t\t\t\t<div class=\"elementor-widget-container\">\n\t\t\t\t\t\t\t\t\t<p><span data-sheets-root=\"1\">Qualora l\u2019interessato ritenga che i propri dati non siano trattati correttamente, pu\u00f2 inviare i propri reclami al seguente indirizzo di posta elettronica;<\/span><\/p>\n\t\t\t\t\t\t\t\t<\/div>\n\t\t\t\t<\/div>\n\t\t\t\t<div class=\"elementor-element elementor-element-896a230 elementor-widget elementor-widget-text-editor\" data-id=\"896a230\" data-element_type=\"widget\" data-e-type=\"widget\" data-widget_type=\"text-editor.default\">\n\t\t\t\t<div class=\"elementor-widget-container\">\n\t\t\t\t\t\t\t\t\t<p><span data-sheets-root=\"1\">L\u2019interessato dichiara di aver acquisito tutte queste informazioni.<\/span><\/p>\n\t\t\t\t\t\t\t\t<\/div>\n\t\t\t\t<\/div>\n\t\t\t\t\t<\/div>\n\t\t\t\t<\/div>\n\t\t\t\t<\/div>\n\t\t","protected":false},"excerpt":{"rendered":"<p>Politica sulla privacy In SUFABU prendiamo molto sul serio la protezione dei dati personali. Il nostro scopo \u00e8 proteggere la riservatezza dei dati che ci fornisci e rispettare le normative vigenti in materia di protezione dei dati personali. In conformit\u00e0 con la legge 3\/2018 del 5 dicembre sulla protezione dei dati personali e sulla garanzia [&hellip;]<\/p>\n","protected":false},"author":1,"featured_media":0,"parent":0,"menu_order":0,"comment_status":"closed","ping_status":"closed","template":"elementor_header_footer","meta":{"_acf_changed":false,"footnotes":""},"class_list":["post-869","page","type-page","status-publish","hentry"],"acf":[],"yoast_head":"<!-- This site is optimized with the Yoast SEO plugin v27.4 - https:\/\/yoast.com\/product\/yoast-seo-wordpress\/ -->\n<title>Politica sulla privacy - GREENSUFABU<\/title>\n<meta name=\"robots\" content=\"index, follow, max-snippet:-1, max-image-preview:large, max-video-preview:-1\" \/>\n<link rel=\"canonical\" href=\"https:\/\/greensufabu.eu\/it\/politica-sulla-privacy\" \/>\n<meta property=\"og:locale\" content=\"it_IT\" \/>\n<meta property=\"og:type\" content=\"article\" \/>\n<meta property=\"og:title\" content=\"Politica sulla privacy - GREENSUFABU\" \/>\n<meta property=\"og:description\" content=\"Politica sulla privacy In SUFABU prendiamo molto sul serio la protezione dei dati personali. Il nostro scopo \u00e8 proteggere la riservatezza dei dati che ci fornisci e rispettare le normative vigenti in materia di protezione dei dati personali. In conformit\u00e0 con la legge 3\/2018 del 5 dicembre sulla protezione dei dati personali e sulla garanzia [&hellip;]\" \/>\n<meta property=\"og:url\" content=\"https:\/\/greensufabu.eu\/it\/politica-sulla-privacy\" \/>\n<meta property=\"og:site_name\" content=\"GREENSUFABU\" \/>\n<meta property=\"article:modified_time\" content=\"2024-10-10T09:35:20+00:00\" \/>\n<meta name=\"twitter:card\" content=\"summary_large_image\" \/>\n<meta name=\"twitter:label1\" content=\"Tempo di lettura stimato\" \/>\n\t<meta name=\"twitter:data1\" content=\"2 minuti\" \/>\n<script type=\"application\/ld+json\" class=\"yoast-schema-graph\">{\"@context\":\"https:\\\/\\\/schema.org\",\"@graph\":[{\"@type\":\"WebPage\",\"@id\":\"https:\\\/\\\/greensufabu.eu\\\/it\\\/politica-sulla-privacy\",\"url\":\"https:\\\/\\\/greensufabu.eu\\\/it\\\/politica-sulla-privacy\",\"name\":\"Politica sulla privacy - GREENSUFABU\",\"isPartOf\":{\"@id\":\"https:\\\/\\\/greensufabu.eu\\\/#website\"},\"datePublished\":\"2024-10-08T08:57:16+00:00\",\"dateModified\":\"2024-10-10T09:35:20+00:00\",\"breadcrumb\":{\"@id\":\"https:\\\/\\\/greensufabu.eu\\\/it\\\/politica-sulla-privacy#breadcrumb\"},\"inLanguage\":\"it-IT\",\"potentialAction\":[{\"@type\":\"ReadAction\",\"target\":[\"https:\\\/\\\/greensufabu.eu\\\/it\\\/politica-sulla-privacy\"]}]},{\"@type\":\"BreadcrumbList\",\"@id\":\"https:\\\/\\\/greensufabu.eu\\\/it\\\/politica-sulla-privacy#breadcrumb\",\"itemListElement\":[{\"@type\":\"ListItem\",\"position\":1,\"name\":\"Home\",\"item\":\"https:\\\/\\\/greensufabu.eu\\\/it\\\/home\"},{\"@type\":\"ListItem\",\"position\":2,\"name\":\"Politica sulla privacy\"}]},{\"@type\":\"WebSite\",\"@id\":\"https:\\\/\\\/greensufabu.eu\\\/#website\",\"url\":\"https:\\\/\\\/greensufabu.eu\\\/\",\"name\":\"GREENSUFABU\",\"description\":\"\",\"publisher\":{\"@id\":\"https:\\\/\\\/greensufabu.eu\\\/#organization\"},\"potentialAction\":[{\"@type\":\"SearchAction\",\"target\":{\"@type\":\"EntryPoint\",\"urlTemplate\":\"https:\\\/\\\/greensufabu.eu\\\/?s={search_term_string}\"},\"query-input\":{\"@type\":\"PropertyValueSpecification\",\"valueRequired\":true,\"valueName\":\"search_term_string\"}}],\"inLanguage\":\"it-IT\"},{\"@type\":\"Organization\",\"@id\":\"https:\\\/\\\/greensufabu.eu\\\/#organization\",\"name\":\"GREENSUFABU\",\"url\":\"https:\\\/\\\/greensufabu.eu\\\/\",\"logo\":{\"@type\":\"ImageObject\",\"inLanguage\":\"it-IT\",\"@id\":\"https:\\\/\\\/greensufabu.eu\\\/#\\\/schema\\\/logo\\\/image\\\/\",\"url\":\"https:\\\/\\\/greensufabu.eu\\\/wp-content\\\/uploads\\\/2024\\\/05\\\/LOGO.png\",\"contentUrl\":\"https:\\\/\\\/greensufabu.eu\\\/wp-content\\\/uploads\\\/2024\\\/05\\\/LOGO.png\",\"width\":692,\"height\":792,\"caption\":\"GREENSUFABU\"},\"image\":{\"@id\":\"https:\\\/\\\/greensufabu.eu\\\/#\\\/schema\\\/logo\\\/image\\\/\"}}]}<\/script>\n<!-- \/ Yoast SEO plugin. -->","yoast_head_json":{"title":"Politica sulla privacy - GREENSUFABU","robots":{"index":"index","follow":"follow","max-snippet":"max-snippet:-1","max-image-preview":"max-image-preview:large","max-video-preview":"max-video-preview:-1"},"canonical":"https:\/\/greensufabu.eu\/it\/politica-sulla-privacy","og_locale":"it_IT","og_type":"article","og_title":"Politica sulla privacy - GREENSUFABU","og_description":"Politica sulla privacy In SUFABU prendiamo molto sul serio la protezione dei dati personali. Il nostro scopo \u00e8 proteggere la riservatezza dei dati che ci fornisci e rispettare le normative vigenti in materia di protezione dei dati personali. In conformit\u00e0 con la legge 3\/2018 del 5 dicembre sulla protezione dei dati personali e sulla garanzia [&hellip;]","og_url":"https:\/\/greensufabu.eu\/it\/politica-sulla-privacy","og_site_name":"GREENSUFABU","article_modified_time":"2024-10-10T09:35:20+00:00","twitter_card":"summary_large_image","twitter_misc":{"Tempo di lettura stimato":"2 minuti"},"schema":{"@context":"https:\/\/schema.org","@graph":[{"@type":"WebPage","@id":"https:\/\/greensufabu.eu\/it\/politica-sulla-privacy","url":"https:\/\/greensufabu.eu\/it\/politica-sulla-privacy","name":"Politica sulla privacy - GREENSUFABU","isPartOf":{"@id":"https:\/\/greensufabu.eu\/#website"},"datePublished":"2024-10-08T08:57:16+00:00","dateModified":"2024-10-10T09:35:20+00:00","breadcrumb":{"@id":"https:\/\/greensufabu.eu\/it\/politica-sulla-privacy#breadcrumb"},"inLanguage":"it-IT","potentialAction":[{"@type":"ReadAction","target":["https:\/\/greensufabu.eu\/it\/politica-sulla-privacy"]}]},{"@type":"BreadcrumbList","@id":"https:\/\/greensufabu.eu\/it\/politica-sulla-privacy#breadcrumb","itemListElement":[{"@type":"ListItem","position":1,"name":"Home","item":"https:\/\/greensufabu.eu\/it\/home"},{"@type":"ListItem","position":2,"name":"Politica sulla privacy"}]},{"@type":"WebSite","@id":"https:\/\/greensufabu.eu\/#website","url":"https:\/\/greensufabu.eu\/","name":"GREENSUFABU","description":"","publisher":{"@id":"https:\/\/greensufabu.eu\/#organization"},"potentialAction":[{"@type":"SearchAction","target":{"@type":"EntryPoint","urlTemplate":"https:\/\/greensufabu.eu\/?s={search_term_string}"},"query-input":{"@type":"PropertyValueSpecification","valueRequired":true,"valueName":"search_term_string"}}],"inLanguage":"it-IT"},{"@type":"Organization","@id":"https:\/\/greensufabu.eu\/#organization","name":"GREENSUFABU","url":"https:\/\/greensufabu.eu\/","logo":{"@type":"ImageObject","inLanguage":"it-IT","@id":"https:\/\/greensufabu.eu\/#\/schema\/logo\/image\/","url":"https:\/\/greensufabu.eu\/wp-content\/uploads\/2024\/05\/LOGO.png","contentUrl":"https:\/\/greensufabu.eu\/wp-content\/uploads\/2024\/05\/LOGO.png","width":692,"height":792,"caption":"GREENSUFABU"},"image":{"@id":"https:\/\/greensufabu.eu\/#\/schema\/logo\/image\/"}}]}},"_links":{"self":[{"href":"https:\/\/greensufabu.eu\/it\/wp-json\/wp\/v2\/pages\/869","targetHints":{"allow":["GET"]}}],"collection":[{"href":"https:\/\/greensufabu.eu\/it\/wp-json\/wp\/v2\/pages"}],"about":[{"href":"https:\/\/greensufabu.eu\/it\/wp-json\/wp\/v2\/types\/page"}],"author":[{"embeddable":true,"href":"https:\/\/greensufabu.eu\/it\/wp-json\/wp\/v2\/users\/1"}],"replies":[{"embeddable":true,"href":"https:\/\/greensufabu.eu\/it\/wp-json\/wp\/v2\/comments?post=869"}],"version-history":[{"count":1,"href":"https:\/\/greensufabu.eu\/it\/wp-json\/wp\/v2\/pages\/869\/revisions"}],"predecessor-version":[{"id":870,"href":"https:\/\/greensufabu.eu\/it\/wp-json\/wp\/v2\/pages\/869\/revisions\/870"}],"wp:attachment":[{"href":"https:\/\/greensufabu.eu\/it\/wp-json\/wp\/v2\/media?parent=869"}],"curies":[{"name":"wp","href":"https:\/\/api.w.org\/{rel}","templated":true}]}}