{"id":871,"date":"2024-10-08T08:57:16","date_gmt":"2024-10-08T08:57:16","guid":{"rendered":"https:\/\/greensufabu.eu\/datenschutz"},"modified":"2024-10-10T09:41:51","modified_gmt":"2024-10-10T09:41:51","slug":"datenschutz","status":"publish","type":"page","link":"https:\/\/greensufabu.eu\/de\/datenschutz","title":{"rendered":"Datenschutz"},"content":{"rendered":"\t\t<div data-elementor-type=\"wp-page\" data-elementor-id=\"871\" class=\"elementor elementor-871 elementor-766\" data-elementor-post-type=\"page\">\n\t\t\t\t<div data-dce-background-image-url=\"https:\/\/greensufabu.eu\/wp-content\/uploads\/2024\/06\/pexels-olly-3823488-scaled.jpg\" class=\"elementor-element elementor-element-be46d4b e-con-full e-flex e-con e-parent\" data-id=\"be46d4b\" data-element_type=\"container\" data-e-type=\"container\" data-settings=\"{&quot;background_background&quot;:&quot;classic&quot;}\">\n\t\t\t\t<div class=\"elementor-element elementor-element-2df494b elementor-widget elementor-widget-heading\" data-id=\"2df494b\" data-element_type=\"widget\" data-e-type=\"widget\" data-widget_type=\"heading.default\">\n\t\t\t\t<div class=\"elementor-widget-container\">\n\t\t\t\t\t<h2 class=\"elementor-heading-title elementor-size-default\">Datenschutz<\/h2>\t\t\t\t<\/div>\n\t\t\t\t<\/div>\n\t\t\t\t<\/div>\n\t\t<div class=\"elementor-element elementor-element-6838d81 e-flex e-con-boxed e-con e-parent\" data-id=\"6838d81\" data-element_type=\"container\" data-e-type=\"container\">\n\t\t\t\t\t<div class=\"e-con-inner\">\n\t\t\t\t<div class=\"elementor-element elementor-element-7a627f9 elementor-widget elementor-widget-text-editor\" data-id=\"7a627f9\" data-element_type=\"widget\" data-e-type=\"widget\" data-widget_type=\"text-editor.default\">\n\t\t\t\t<div class=\"elementor-widget-container\">\n\t\t\t\t\t\t\t\t\t<p><span data-sheets-root=\"1\">Bei SUFABU<\/span><span data-sheets-root=\"1\"> nehmen wir den Schutz Ihrer pers\u00f6nlichen Daten sehr ernst. Unser Ziel ist es, die Privatsph\u00e4re der Daten, die Sie uns zur Verf\u00fcgung stellen, zu sch\u00fctzen und die geltenden Vorschriften zum Schutz personenbezogener Daten einzuhalten. <\/span><\/p>\n\t\t\t\t\t\t\t\t<\/div>\n\t\t\t\t<\/div>\n\t\t\t\t<div class=\"elementor-element elementor-element-34dff77 elementor-widget elementor-widget-text-editor\" data-id=\"34dff77\" data-element_type=\"widget\" data-e-type=\"widget\" data-widget_type=\"text-editor.default\">\n\t\t\t\t<div class=\"elementor-widget-container\">\n\t\t\t\t\t\t\t\t\t<p><span data-sheets-root=\"1\">In \u00dcbereinstimmung mit dem Gesetz 3\/2018 vom 5. Dezember \u00fcber den Schutz personenbezogener Daten und die Gew\u00e4hrleistung digitaler Rechte, mit dem die Verordnung (EU) 2016\/679 umgesetzt wird, informieren wir Sie mit den folgenden Informationen \u00fcber unsere Datenschutzpolitik:<\/span><\/p>\n\t\t\t\t\t\t\t\t<\/div>\n\t\t\t\t<\/div>\n\t\t\t\t<div class=\"elementor-element elementor-element-f9ec202 elementor-widget elementor-widget-heading\" data-id=\"f9ec202\" data-element_type=\"widget\" data-e-type=\"widget\" data-widget_type=\"heading.default\">\n\t\t\t\t<div class=\"elementor-widget-container\">\n\t\t\t\t\t<h2 class=\"elementor-heading-title elementor-size-default\">Wer ist der Verantwortliche f\u00fcr die Verarbeitung Ihrer Daten?<\/h2>\t\t\t\t<\/div>\n\t\t\t\t<\/div>\n\t\t\t\t<div class=\"elementor-element elementor-element-642a24d elementor-widget elementor-widget-text-editor\" data-id=\"642a24d\" data-element_type=\"widget\" data-e-type=\"widget\" data-widget_type=\"text-editor.default\">\n\t\t\t\t<div class=\"elementor-widget-container\">\n\t\t\t\t\t\t\t\t\t<p>Die f\u00fcr Ihre Daten verantwortliche Organisation ist<strong>REGIOVISION GMBH SCHWERIN<\/strong>mit Sitz in Schwerin (Deutschland).<\/p>\n\t\t\t\t\t\t\t\t<\/div>\n\t\t\t\t<\/div>\n\t\t\t\t\t<\/div>\n\t\t\t\t<\/div>\n\t\t<div class=\"elementor-element elementor-element-24d6b49 e-flex e-con-boxed e-con e-parent\" data-id=\"24d6b49\" data-element_type=\"container\" data-e-type=\"container\" data-settings=\"{&quot;background_background&quot;:&quot;classic&quot;}\">\n\t\t\t\t\t<div class=\"e-con-inner\">\n\t\t<div class=\"elementor-element elementor-element-471be8e e-con-full e-flex e-con e-child\" data-id=\"471be8e\" data-element_type=\"container\" data-e-type=\"container\">\n\t\t<div class=\"elementor-element elementor-element-a3f07d9 e-flex e-con-boxed e-con e-child\" data-id=\"a3f07d9\" data-element_type=\"container\" data-e-type=\"container\" data-settings=\"{&quot;background_background&quot;:&quot;classic&quot;}\">\n\t\t\t\t\t<div class=\"e-con-inner\">\n\t\t\t\t<div class=\"elementor-element elementor-element-acfd769 elementor-widget__width-initial elementor-widget elementor-widget-heading\" data-id=\"acfd769\" data-element_type=\"widget\" data-e-type=\"widget\" data-widget_type=\"heading.default\">\n\t\t\t\t<div class=\"elementor-widget-container\">\n\t\t\t\t\t<div class=\"elementor-heading-title elementor-size-default\">Anschrift<\/div>\t\t\t\t<\/div>\n\t\t\t\t<\/div>\n\t\t\t\t<div class=\"elementor-element elementor-element-db1601a elementor-widget__width-initial elementor-widget elementor-widget-heading\" data-id=\"db1601a\" data-element_type=\"widget\" data-e-type=\"widget\" data-widget_type=\"heading.default\">\n\t\t\t\t<div class=\"elementor-widget-container\">\n\t\t\t\t\t<div class=\"elementor-heading-title elementor-size-default\">Am Margaretenhof 28, 19057 Schwerin<\/div>\t\t\t\t<\/div>\n\t\t\t\t<\/div>\n\t\t\t\t\t<\/div>\n\t\t\t\t<\/div>\n\t\t<div class=\"elementor-element elementor-element-22516ea e-flex e-con-boxed e-con e-child\" data-id=\"22516ea\" data-element_type=\"container\" data-e-type=\"container\">\n\t\t\t\t\t<div class=\"e-con-inner\">\n\t\t\t\t<div class=\"elementor-element elementor-element-63723b3 elementor-widget__width-initial elementor-widget elementor-widget-heading\" data-id=\"63723b3\" data-element_type=\"widget\" data-e-type=\"widget\" data-widget_type=\"heading.default\">\n\t\t\t\t<div class=\"elementor-widget-container\">\n\t\t\t\t\t<div class=\"elementor-heading-title elementor-size-default\">E-Mail-Kontakt<\/div>\t\t\t\t<\/div>\n\t\t\t\t<\/div>\n\t\t\t\t<div data-dce-title-color=\"#26B262\" class=\"elementor-element elementor-element-c6fb16f elementor-widget__width-initial elementor-widget elementor-widget-heading\" data-id=\"c6fb16f\" data-element_type=\"widget\" data-e-type=\"widget\" data-widget_type=\"heading.default\">\n\t\t\t\t<div class=\"elementor-widget-container\">\n\t\t\t\t\t<div class=\"elementor-heading-title elementor-size-default\"><a href=\"mailto:blum@regiovision-sn.de\">blum@regiovision-sn.de<\/a><\/div>\t\t\t\t<\/div>\n\t\t\t\t<\/div>\n\t\t\t\t\t<\/div>\n\t\t\t\t<\/div>\n\t\t<div class=\"elementor-element elementor-element-7556f3f e-flex e-con-boxed e-con e-child\" data-id=\"7556f3f\" data-element_type=\"container\" data-e-type=\"container\" data-settings=\"{&quot;background_background&quot;:&quot;classic&quot;}\">\n\t\t\t\t\t<div class=\"e-con-inner\">\n\t\t\t\t<div class=\"elementor-element elementor-element-4a1c79f elementor-widget__width-initial elementor-widget elementor-widget-heading\" data-id=\"4a1c79f\" data-element_type=\"widget\" data-e-type=\"widget\" data-widget_type=\"heading.default\">\n\t\t\t\t<div class=\"elementor-widget-container\">\n\t\t\t\t\t<div class=\"elementor-heading-title elementor-size-default\">Telefon<\/div>\t\t\t\t<\/div>\n\t\t\t\t<\/div>\n\t\t\t\t<div class=\"elementor-element elementor-element-80b9257 elementor-widget__width-initial elementor-widget elementor-widget-heading\" data-id=\"80b9257\" data-element_type=\"widget\" data-e-type=\"widget\" data-widget_type=\"heading.default\">\n\t\t\t\t<div class=\"elementor-widget-container\">\n\t\t\t\t\t<div class=\"elementor-heading-title elementor-size-default\">+49 (0)385 59379794<\/div>\t\t\t\t<\/div>\n\t\t\t\t<\/div>\n\t\t\t\t\t<\/div>\n\t\t\t\t<\/div>\n\t\t\t\t<\/div>\n\t\t\t\t<div class=\"elementor-element elementor-element-9f49c85 elementor-widget elementor-widget-heading\" data-id=\"9f49c85\" data-element_type=\"widget\" data-e-type=\"widget\" data-widget_type=\"heading.default\">\n\t\t\t\t<div class=\"elementor-widget-container\">\n\t\t\t\t\t<h2 class=\"elementor-heading-title elementor-size-default\">Was ist der Zweck der Verarbeitung?<\/h2>\t\t\t\t<\/div>\n\t\t\t\t<\/div>\n\t\t\t\t<div class=\"elementor-element elementor-element-1db799a elementor-widget elementor-widget-text-editor\" data-id=\"1db799a\" data-element_type=\"widget\" data-e-type=\"widget\" data-widget_type=\"text-editor.default\">\n\t\t\t\t<div class=\"elementor-widget-container\">\n\t\t\t\t\t\t\t\t\t<ul>\n<li><span data-sheets-root=\"1\">Um auf Anfragen, Beschwerden und Vorf\u00e4lle zu reagieren, die \u00fcber unsere in die Website integrierten Kontaktkan\u00e4le \u00fcbermittelt werden.<\/span><\/li>\n<li><span data-sheets-root=\"1\">Um das Verhalten des Nutzers innerhalb der Website zu verstehen, um m\u00f6gliche Computerangriffe auf unsere Website zu erkennen.<\/span><\/li>\n<li><span data-sheets-root=\"1\">Erf\u00fcllung der gesetzlichen Verpflichtungen, die unmittelbar auf uns anwendbar sind und unsere T\u00e4tigkeit regeln.<\/span><\/li>\n<li><span data-sheets-root=\"1\">Um unsere Rechte zu sch\u00fctzen und auszu\u00fcben oder um auf Beschwerden jeglicher Art zu reagieren.<\/span><\/li>\n<li><span data-sheets-root=\"1\">\u00dcbermittlung von Newslettern \u00fcber die Waren oder Dienstleistungen, die die T\u00e4tigkeit des Verantwortlichen ausmachen, oder von Nachrichten im Zusammenhang mit seiner T\u00e4tigkeit.<\/span><\/li>\n<\/ul>\n\t\t\t\t\t\t\t\t<\/div>\n\t\t\t\t<\/div>\n\t\t\t\t\t<\/div>\n\t\t\t\t<\/div>\n\t\t<div class=\"elementor-element elementor-element-10b7980 e-flex e-con-boxed e-con e-parent\" data-id=\"10b7980\" data-element_type=\"container\" data-e-type=\"container\">\n\t\t\t\t\t<div class=\"e-con-inner\">\n\t\t\t\t<div class=\"elementor-element elementor-element-3b95f76 elementor-widget elementor-widget-heading\" data-id=\"3b95f76\" data-element_type=\"widget\" data-e-type=\"widget\" data-widget_type=\"heading.default\">\n\t\t\t\t<div class=\"elementor-widget-container\">\n\t\t\t\t\t<h2 class=\"elementor-heading-title elementor-size-default\">Was ist die Rechtsgrundlage f\u00fcr die Verarbeitung Ihrer Daten?<\/h2>\t\t\t\t<\/div>\n\t\t\t\t<\/div>\n\t\t\t\t<div class=\"elementor-element elementor-element-1df5a80 elementor-widget elementor-widget-text-editor\" data-id=\"1df5a80\" data-element_type=\"widget\" data-e-type=\"widget\" data-widget_type=\"text-editor.default\">\n\t\t\t\t<div class=\"elementor-widget-container\">\n\t\t\t\t\t\t\t\t\t<p><span data-sheets-root=\"1\">Die Rechtsgrundlage f\u00fcr die Verarbeitung Ihrer Daten ist die Einwilligung der betroffenen Person gem\u00e4\u00df Artikel 6 Absatz 1 Buchstabe a der Verordnung sowie das berechtigte Interesse des f\u00fcr die Verarbeitung Verantwortlichen gem\u00e4\u00df Artikel 6 Absatz 1 Buchstabe f der Verordnung.<\/span><\/p>\n\t\t\t\t\t\t\t\t<\/div>\n\t\t\t\t<\/div>\n\t\t\t\t<div class=\"elementor-element elementor-element-925f9d3 elementor-widget elementor-widget-text-editor\" data-id=\"925f9d3\" data-element_type=\"widget\" data-e-type=\"widget\" data-widget_type=\"text-editor.default\">\n\t\t\t\t<div class=\"elementor-widget-container\">\n\t\t\t\t\t\t\t\t\t<p><span data-sheets-root=\"1\">Die Daten, um die wir Sie bitten, sind angemessen, relevant und unbedingt erforderlich, und Sie sind in keinem Fall verpflichtet, sie uns zu \u00fcbermitteln, aber ihre Nichtmitteilung kann den Zweck der Dienstleistung beeintr\u00e4chtigen oder ihre Erbringung unm\u00f6glich machen.<\/span><\/p>\n\t\t\t\t\t\t\t\t<\/div>\n\t\t\t\t<\/div>\n\t\t\t\t<div class=\"elementor-element elementor-element-9fe6bfa elementor-widget elementor-widget-heading\" data-id=\"9fe6bfa\" data-element_type=\"widget\" data-e-type=\"widget\" data-widget_type=\"heading.default\">\n\t\t\t\t<div class=\"elementor-widget-container\">\n\t\t\t\t\t<h2 class=\"elementor-heading-title elementor-size-default\">Wie lange bewahren wir Ihre Daten auf?<\/h2>\t\t\t\t<\/div>\n\t\t\t\t<\/div>\n\t\t\t\t<div class=\"elementor-element elementor-element-29a8010 elementor-widget elementor-widget-text-editor\" data-id=\"29a8010\" data-element_type=\"widget\" data-e-type=\"widget\" data-widget_type=\"text-editor.default\">\n\t\t\t\t<div class=\"elementor-widget-container\">\n\t\t\t\t\t\t\t\t\t<p><span data-sheets-root=\"1\">Ihre Daten werden so lange aufbewahrt, wie es f\u00fcr die ordnungsgem\u00e4\u00dfe Erbringung der angebotenen Dienstleistung erforderlich ist, sowie zur Erf\u00fcllung der sich daraus ergebenden Verpflichtungen und sonstiger rechtlicher Anforderungen.<\/span><\/p>\n\t\t\t\t\t\t\t\t<\/div>\n\t\t\t\t<\/div>\n\t\t\t\t\t<\/div>\n\t\t\t\t<\/div>\n\t\t<div class=\"elementor-element elementor-element-c596e12 e-flex e-con-boxed e-con e-parent\" data-id=\"c596e12\" data-element_type=\"container\" data-e-type=\"container\" data-settings=\"{&quot;background_background&quot;:&quot;classic&quot;}\">\n\t\t\t\t\t<div class=\"e-con-inner\">\n\t\t\t\t<div class=\"elementor-element elementor-element-66faa82 elementor-widget elementor-widget-heading\" data-id=\"66faa82\" data-element_type=\"widget\" data-e-type=\"widget\" data-widget_type=\"heading.default\">\n\t\t\t\t<div class=\"elementor-widget-container\">\n\t\t\t\t\t<h2 class=\"elementor-heading-title elementor-size-default\">Welche Empf\u00e4nger werden Ihre Daten erhalten?<\/h2>\t\t\t\t<\/div>\n\t\t\t\t<\/div>\n\t\t\t\t<div class=\"elementor-element elementor-element-b71bb88 elementor-widget elementor-widget-text-editor\" data-id=\"b71bb88\" data-element_type=\"widget\" data-e-type=\"widget\" data-widget_type=\"text-editor.default\">\n\t\t\t\t<div class=\"elementor-widget-container\">\n\t\t\t\t\t\t\t\t\t<p>Bei der Verarbeitung Ihrer Daten kann <strong>REGIOVISION GMBH SCHWERIN<\/strong> Ihre Daten weitergeben an: <\/p>\n<p>On Projects Advising SL, als Dienstleister f\u00fcr Webmanagement und -pflege.<\/p>\n\t\t\t\t\t\t\t\t<\/div>\n\t\t\t\t<\/div>\n\t\t\t\t<div class=\"elementor-element elementor-element-1fef60c elementor-widget elementor-widget-heading\" data-id=\"1fef60c\" data-element_type=\"widget\" data-e-type=\"widget\" data-widget_type=\"heading.default\">\n\t\t\t\t<div class=\"elementor-widget-container\">\n\t\t\t\t\t<h2 class=\"elementor-heading-title elementor-size-default\">Welche Rechte habe ich?<\/h2>\t\t\t\t<\/div>\n\t\t\t\t<\/div>\n\t\t\t\t<div class=\"elementor-element elementor-element-dd5ca21 elementor-widget elementor-widget-text-editor\" data-id=\"dd5ca21\" data-element_type=\"widget\" data-e-type=\"widget\" data-widget_type=\"text-editor.default\">\n\t\t\t\t<div class=\"elementor-widget-container\">\n\t\t\t\t\t\t\t\t\t<ul>\n<li><span data-sheets-root=\"1\">Auskunftsrecht: Recht, eine Best\u00e4tigung dar\u00fcber zu erhalten, ob personenbezogene Daten verarbeitet werden, sowie das Recht auf Zugang zu diesen Daten.<\/span><\/li>\n<li><span data-sheets-root=\"1\">Recht auf Berichtigung personenbezogener Daten.<\/span><\/li>\n<li><span data-sheets-root=\"1\">Recht auf L\u00f6schung<\/span><\/li>\n<li><span data-sheets-root=\"1\">Recht auf Einschr\u00e4nkung der Verarbeitung<\/span><\/li>\n<li><span data-sheets-root=\"1\">Recht auf Daten\u00fcbertragbarkeit<\/span><\/li>\n<li><span data-sheets-root=\"1\">Widerspruchsrecht: Das Recht, der Verarbeitung von Daten zu widersprechen.<\/span><\/li>\n<\/ul>\n\t\t\t\t\t\t\t\t<\/div>\n\t\t\t\t<\/div>\n\t\t\t\t<div class=\"elementor-element elementor-element-663943c elementor-widget elementor-widget-text-editor\" data-id=\"663943c\" data-element_type=\"widget\" data-e-type=\"widget\" data-widget_type=\"text-editor.default\">\n\t\t\t\t<div class=\"elementor-widget-container\">\n\t\t\t\t\t\t\t\t\t<p><span data-sheets-root=\"1\">Der f\u00fcr die Verarbeitung Verantwortliche beh\u00e4lt sich das Recht vor, die in Artikel 23 der EU-Verordnung genannten Rechte einzuschr\u00e4nken, wenn eine solche Einschr\u00e4nkung vorgesehen ist, um insbesondere die Grundrechte und Grundfreiheiten zu sch\u00fctzen, und eine notwendige und verh\u00e4ltnism\u00e4\u00dfige Ma\u00dfnahme darstellt.<\/span><\/p>\n\t\t\t\t\t\t\t\t<\/div>\n\t\t\t\t<\/div>\n\t\t\t\t\t<\/div>\n\t\t\t\t<\/div>\n\t\t<div class=\"elementor-element elementor-element-b06e75b e-flex e-con-boxed e-con e-parent\" data-id=\"b06e75b\" data-element_type=\"container\" data-e-type=\"container\">\n\t\t\t\t\t<div class=\"e-con-inner\">\n\t\t\t\t<div class=\"elementor-element elementor-element-7f7e822 elementor-widget elementor-widget-heading\" data-id=\"7f7e822\" data-element_type=\"widget\" data-e-type=\"widget\" data-widget_type=\"heading.default\">\n\t\t\t\t<div class=\"elementor-widget-container\">\n\t\t\t\t\t<h2 class=\"elementor-heading-title elementor-size-default\">Wo kann ich eine Beschwerde einreichen?<\/h2>\t\t\t\t<\/div>\n\t\t\t\t<\/div>\n\t\t\t\t<div class=\"elementor-element elementor-element-71b7a97 elementor-widget elementor-widget-text-editor\" data-id=\"71b7a97\" data-element_type=\"widget\" data-e-type=\"widget\" data-widget_type=\"text-editor.default\">\n\t\t\t\t<div class=\"elementor-widget-container\">\n\t\t\t\t\t\t\t\t\t<p><span data-sheets-root=\"1\">Wenn ein Betroffener der Meinung ist, dass seine Daten nicht korrekt behandelt werden, kann er seine Beschwerden an die folgende E-Mail-Adresse richten:<\/span><\/p>\n\t\t\t\t\t\t\t\t<\/div>\n\t\t\t\t<\/div>\n\t\t\t\t<div class=\"elementor-element elementor-element-896a230 elementor-widget elementor-widget-text-editor\" data-id=\"896a230\" data-element_type=\"widget\" data-e-type=\"widget\" data-widget_type=\"text-editor.default\">\n\t\t\t\t<div class=\"elementor-widget-container\">\n\t\t\t\t\t\t\t\t\t<p><span data-sheets-root=\"1\">Die betroffene Person erkl\u00e4rt, dass sie alle diese Informationen erhalten hat.<\/span><\/p>\n\t\t\t\t\t\t\t\t<\/div>\n\t\t\t\t<\/div>\n\t\t\t\t\t<\/div>\n\t\t\t\t<\/div>\n\t\t\t\t<\/div>\n\t\t","protected":false},"excerpt":{"rendered":"<p>Datenschutz Bei SUFABU nehmen wir den Schutz Ihrer pers\u00f6nlichen Daten sehr ernst. Unser Ziel ist es, die Privatsph\u00e4re der Daten, die Sie uns zur Verf\u00fcgung stellen, zu sch\u00fctzen und die geltenden Vorschriften zum Schutz personenbezogener Daten einzuhalten. In \u00dcbereinstimmung mit dem Gesetz 3\/2018 vom 5. Dezember \u00fcber den Schutz personenbezogener Daten und die Gew\u00e4hrleistung digitaler [&hellip;]<\/p>\n","protected":false},"author":1,"featured_media":0,"parent":0,"menu_order":0,"comment_status":"closed","ping_status":"closed","template":"elementor_header_footer","meta":{"_acf_changed":false,"footnotes":""},"class_list":["post-871","page","type-page","status-publish","hentry"],"acf":[],"yoast_head":"<!-- This site is optimized with the Yoast SEO plugin v27.4 - https:\/\/yoast.com\/product\/yoast-seo-wordpress\/ -->\n<title>Datenschutz - GREENSUFABU<\/title>\n<meta name=\"robots\" content=\"index, follow, max-snippet:-1, max-image-preview:large, max-video-preview:-1\" \/>\n<link rel=\"canonical\" href=\"https:\/\/greensufabu.eu\/de\/datenschutz\" \/>\n<meta property=\"og:locale\" content=\"de_DE\" \/>\n<meta property=\"og:type\" content=\"article\" \/>\n<meta property=\"og:title\" content=\"Datenschutz - GREENSUFABU\" \/>\n<meta property=\"og:description\" content=\"Datenschutz Bei SUFABU nehmen wir den Schutz Ihrer pers\u00f6nlichen Daten sehr ernst. Unser Ziel ist es, die Privatsph\u00e4re der Daten, die Sie uns zur Verf\u00fcgung stellen, zu sch\u00fctzen und die geltenden Vorschriften zum Schutz personenbezogener Daten einzuhalten. In \u00dcbereinstimmung mit dem Gesetz 3\/2018 vom 5. Dezember \u00fcber den Schutz personenbezogener Daten und die Gew\u00e4hrleistung digitaler [&hellip;]\" \/>\n<meta property=\"og:url\" content=\"https:\/\/greensufabu.eu\/de\/datenschutz\" \/>\n<meta property=\"og:site_name\" content=\"GREENSUFABU\" \/>\n<meta property=\"article:modified_time\" content=\"2024-10-10T09:41:51+00:00\" \/>\n<meta name=\"twitter:card\" content=\"summary_large_image\" \/>\n<meta name=\"twitter:label1\" content=\"Gesch\u00e4tzte Lesezeit\" \/>\n\t<meta name=\"twitter:data1\" content=\"3\u00a0Minuten\" \/>\n<script type=\"application\/ld+json\" class=\"yoast-schema-graph\">{\"@context\":\"https:\\\/\\\/schema.org\",\"@graph\":[{\"@type\":\"WebPage\",\"@id\":\"https:\\\/\\\/greensufabu.eu\\\/de\\\/datenschutz\",\"url\":\"https:\\\/\\\/greensufabu.eu\\\/de\\\/datenschutz\",\"name\":\"Datenschutz - GREENSUFABU\",\"isPartOf\":{\"@id\":\"https:\\\/\\\/greensufabu.eu\\\/#website\"},\"datePublished\":\"2024-10-08T08:57:16+00:00\",\"dateModified\":\"2024-10-10T09:41:51+00:00\",\"breadcrumb\":{\"@id\":\"https:\\\/\\\/greensufabu.eu\\\/de\\\/datenschutz#breadcrumb\"},\"inLanguage\":\"de\",\"potentialAction\":[{\"@type\":\"ReadAction\",\"target\":[\"https:\\\/\\\/greensufabu.eu\\\/de\\\/datenschutz\"]}]},{\"@type\":\"BreadcrumbList\",\"@id\":\"https:\\\/\\\/greensufabu.eu\\\/de\\\/datenschutz#breadcrumb\",\"itemListElement\":[{\"@type\":\"ListItem\",\"position\":1,\"name\":\"Home\",\"item\":\"https:\\\/\\\/greensufabu.eu\\\/de\\\/startseite\"},{\"@type\":\"ListItem\",\"position\":2,\"name\":\"Datenschutz\"}]},{\"@type\":\"WebSite\",\"@id\":\"https:\\\/\\\/greensufabu.eu\\\/#website\",\"url\":\"https:\\\/\\\/greensufabu.eu\\\/\",\"name\":\"GREENSUFABU\",\"description\":\"\",\"publisher\":{\"@id\":\"https:\\\/\\\/greensufabu.eu\\\/#organization\"},\"potentialAction\":[{\"@type\":\"SearchAction\",\"target\":{\"@type\":\"EntryPoint\",\"urlTemplate\":\"https:\\\/\\\/greensufabu.eu\\\/?s={search_term_string}\"},\"query-input\":{\"@type\":\"PropertyValueSpecification\",\"valueRequired\":true,\"valueName\":\"search_term_string\"}}],\"inLanguage\":\"de\"},{\"@type\":\"Organization\",\"@id\":\"https:\\\/\\\/greensufabu.eu\\\/#organization\",\"name\":\"GREENSUFABU\",\"url\":\"https:\\\/\\\/greensufabu.eu\\\/\",\"logo\":{\"@type\":\"ImageObject\",\"inLanguage\":\"de\",\"@id\":\"https:\\\/\\\/greensufabu.eu\\\/#\\\/schema\\\/logo\\\/image\\\/\",\"url\":\"https:\\\/\\\/greensufabu.eu\\\/wp-content\\\/uploads\\\/2024\\\/05\\\/LOGO.png\",\"contentUrl\":\"https:\\\/\\\/greensufabu.eu\\\/wp-content\\\/uploads\\\/2024\\\/05\\\/LOGO.png\",\"width\":692,\"height\":792,\"caption\":\"GREENSUFABU\"},\"image\":{\"@id\":\"https:\\\/\\\/greensufabu.eu\\\/#\\\/schema\\\/logo\\\/image\\\/\"}}]}<\/script>\n<!-- \/ Yoast SEO plugin. -->","yoast_head_json":{"title":"Datenschutz - GREENSUFABU","robots":{"index":"index","follow":"follow","max-snippet":"max-snippet:-1","max-image-preview":"max-image-preview:large","max-video-preview":"max-video-preview:-1"},"canonical":"https:\/\/greensufabu.eu\/de\/datenschutz","og_locale":"de_DE","og_type":"article","og_title":"Datenschutz - GREENSUFABU","og_description":"Datenschutz Bei SUFABU nehmen wir den Schutz Ihrer pers\u00f6nlichen Daten sehr ernst. Unser Ziel ist es, die Privatsph\u00e4re der Daten, die Sie uns zur Verf\u00fcgung stellen, zu sch\u00fctzen und die geltenden Vorschriften zum Schutz personenbezogener Daten einzuhalten. In \u00dcbereinstimmung mit dem Gesetz 3\/2018 vom 5. Dezember \u00fcber den Schutz personenbezogener Daten und die Gew\u00e4hrleistung digitaler [&hellip;]","og_url":"https:\/\/greensufabu.eu\/de\/datenschutz","og_site_name":"GREENSUFABU","article_modified_time":"2024-10-10T09:41:51+00:00","twitter_card":"summary_large_image","twitter_misc":{"Gesch\u00e4tzte Lesezeit":"3\u00a0Minuten"},"schema":{"@context":"https:\/\/schema.org","@graph":[{"@type":"WebPage","@id":"https:\/\/greensufabu.eu\/de\/datenschutz","url":"https:\/\/greensufabu.eu\/de\/datenschutz","name":"Datenschutz - GREENSUFABU","isPartOf":{"@id":"https:\/\/greensufabu.eu\/#website"},"datePublished":"2024-10-08T08:57:16+00:00","dateModified":"2024-10-10T09:41:51+00:00","breadcrumb":{"@id":"https:\/\/greensufabu.eu\/de\/datenschutz#breadcrumb"},"inLanguage":"de","potentialAction":[{"@type":"ReadAction","target":["https:\/\/greensufabu.eu\/de\/datenschutz"]}]},{"@type":"BreadcrumbList","@id":"https:\/\/greensufabu.eu\/de\/datenschutz#breadcrumb","itemListElement":[{"@type":"ListItem","position":1,"name":"Home","item":"https:\/\/greensufabu.eu\/de\/startseite"},{"@type":"ListItem","position":2,"name":"Datenschutz"}]},{"@type":"WebSite","@id":"https:\/\/greensufabu.eu\/#website","url":"https:\/\/greensufabu.eu\/","name":"GREENSUFABU","description":"","publisher":{"@id":"https:\/\/greensufabu.eu\/#organization"},"potentialAction":[{"@type":"SearchAction","target":{"@type":"EntryPoint","urlTemplate":"https:\/\/greensufabu.eu\/?s={search_term_string}"},"query-input":{"@type":"PropertyValueSpecification","valueRequired":true,"valueName":"search_term_string"}}],"inLanguage":"de"},{"@type":"Organization","@id":"https:\/\/greensufabu.eu\/#organization","name":"GREENSUFABU","url":"https:\/\/greensufabu.eu\/","logo":{"@type":"ImageObject","inLanguage":"de","@id":"https:\/\/greensufabu.eu\/#\/schema\/logo\/image\/","url":"https:\/\/greensufabu.eu\/wp-content\/uploads\/2024\/05\/LOGO.png","contentUrl":"https:\/\/greensufabu.eu\/wp-content\/uploads\/2024\/05\/LOGO.png","width":692,"height":792,"caption":"GREENSUFABU"},"image":{"@id":"https:\/\/greensufabu.eu\/#\/schema\/logo\/image\/"}}]}},"_links":{"self":[{"href":"https:\/\/greensufabu.eu\/de\/wp-json\/wp\/v2\/pages\/871","targetHints":{"allow":["GET"]}}],"collection":[{"href":"https:\/\/greensufabu.eu\/de\/wp-json\/wp\/v2\/pages"}],"about":[{"href":"https:\/\/greensufabu.eu\/de\/wp-json\/wp\/v2\/types\/page"}],"author":[{"embeddable":true,"href":"https:\/\/greensufabu.eu\/de\/wp-json\/wp\/v2\/users\/1"}],"replies":[{"embeddable":true,"href":"https:\/\/greensufabu.eu\/de\/wp-json\/wp\/v2\/comments?post=871"}],"version-history":[{"count":1,"href":"https:\/\/greensufabu.eu\/de\/wp-json\/wp\/v2\/pages\/871\/revisions"}],"predecessor-version":[{"id":872,"href":"https:\/\/greensufabu.eu\/de\/wp-json\/wp\/v2\/pages\/871\/revisions\/872"}],"wp:attachment":[{"href":"https:\/\/greensufabu.eu\/de\/wp-json\/wp\/v2\/media?parent=871"}],"curies":[{"name":"wp","href":"https:\/\/api.w.org\/{rel}","templated":true}]}}