{"id":873,"date":"2024-10-08T08:57:16","date_gmt":"2024-10-08T08:57:16","guid":{"rendered":"https:\/\/greensufabu.eu\/ochrana-osobnich-udaju"},"modified":"2024-10-10T09:58:05","modified_gmt":"2024-10-10T09:58:05","slug":"ochrana-osobnich-udaju","status":"publish","type":"page","link":"https:\/\/greensufabu.eu\/cs\/ochrana-osobnich-udaju","title":{"rendered":"Ochrana osobn\u00edch \u00fadaj\u016f"},"content":{"rendered":"\t\t<div data-elementor-type=\"wp-page\" data-elementor-id=\"873\" class=\"elementor elementor-873 elementor-766\" data-elementor-post-type=\"page\">\n\t\t\t\t<div data-dce-background-image-url=\"https:\/\/greensufabu.eu\/wp-content\/uploads\/2024\/06\/pexels-olly-3823488-scaled.jpg\" class=\"elementor-element elementor-element-be46d4b e-con-full e-flex e-con e-parent\" data-id=\"be46d4b\" data-element_type=\"container\" data-e-type=\"container\" data-settings=\"{&quot;background_background&quot;:&quot;classic&quot;}\">\n\t\t\t\t<div class=\"elementor-element elementor-element-2df494b elementor-widget elementor-widget-heading\" data-id=\"2df494b\" data-element_type=\"widget\" data-e-type=\"widget\" data-widget_type=\"heading.default\">\n\t\t\t\t<div class=\"elementor-widget-container\">\n\t\t\t\t\t<h2 class=\"elementor-heading-title elementor-size-default\">Ochrana osobn\u00edch \u00fadaj\u016f<\/h2>\t\t\t\t<\/div>\n\t\t\t\t<\/div>\n\t\t\t\t<\/div>\n\t\t<div class=\"elementor-element elementor-element-6838d81 e-flex e-con-boxed e-con e-parent\" data-id=\"6838d81\" data-element_type=\"container\" data-e-type=\"container\">\n\t\t\t\t\t<div class=\"e-con-inner\">\n\t\t\t\t<div class=\"elementor-element elementor-element-7a627f9 elementor-widget elementor-widget-text-editor\" data-id=\"7a627f9\" data-element_type=\"widget\" data-e-type=\"widget\" data-widget_type=\"text-editor.default\">\n\t\t\t\t<div class=\"elementor-widget-container\">\n\t\t\t\t\t\t\t\t\t<p><span data-sheets-root=\"1\">V projektu SUFABU<\/span><span data-sheets-root=\"1\"> bereme ochranu va\u0161ich osobn\u00edch \u00fadaj\u016f velmi v\u00e1\u017en\u011b. Na\u0161\u00edm c\u00edlem je chr\u00e1nit soukrom\u00ed \u00fadaj\u016f, kter\u00e9 n\u00e1m poskytujete, a dodr\u017eovat platn\u00e9 p\u0159edpisy o ochran\u011b osobn\u00edch \u00fadaj\u016f. <\/span><\/p>\n\t\t\t\t\t\t\t\t<\/div>\n\t\t\t\t<\/div>\n\t\t\t\t<div class=\"elementor-element elementor-element-34dff77 elementor-widget elementor-widget-text-editor\" data-id=\"34dff77\" data-element_type=\"widget\" data-e-type=\"widget\" data-widget_type=\"text-editor.default\">\n\t\t\t\t<div class=\"elementor-widget-container\">\n\t\t\t\t\t\t\t\t\t<p><span data-sheets-root=\"1\">V souladu se z\u00e1konem \u010d. 3\/2018 ze dne 5. prosince 2018 o ochran\u011b osobn\u00edch \u00fadaj\u016f a digit\u00e1ln\u00edch pr\u00e1v, kter\u00fd transponuje na\u0159\u00edzen\u00ed (EU) 2016\/679, v\u00e1s informujeme o na\u0161ich z\u00e1sad\u00e1ch ochrany soukrom\u00ed a osobn\u00edch \u00fadaj\u016f:<\/span><\/p>\n\t\t\t\t\t\t\t\t<\/div>\n\t\t\t\t<\/div>\n\t\t\t\t<div class=\"elementor-element elementor-element-f9ec202 elementor-widget elementor-widget-heading\" data-id=\"f9ec202\" data-element_type=\"widget\" data-e-type=\"widget\" data-widget_type=\"heading.default\">\n\t\t\t\t<div class=\"elementor-widget-container\">\n\t\t\t\t\t<h2 class=\"elementor-heading-title elementor-size-default\">Kdo zpracov\u00e1v\u00e1 Va\u0161e osobn\u00ed \u00fadaje?<\/h2>\t\t\t\t<\/div>\n\t\t\t\t<\/div>\n\t\t\t\t<div class=\"elementor-element elementor-element-642a24d elementor-widget elementor-widget-text-editor\" data-id=\"642a24d\" data-element_type=\"widget\" data-e-type=\"widget\" data-widget_type=\"text-editor.default\">\n\t\t\t\t<div class=\"elementor-widget-container\">\n\t\t\t\t\t\t\t\t\t<p>Organizac\u00ed odpov\u011bdnou za va\u0161e osobn\u00ed \u00fadaje je <strong>REGIOVISION GMBH SCHWERIN <\/strong>se s\u00eddlem v Schwerin (N\u011bmecko).<\/p>\n\t\t\t\t\t\t\t\t<\/div>\n\t\t\t\t<\/div>\n\t\t\t\t\t<\/div>\n\t\t\t\t<\/div>\n\t\t<div class=\"elementor-element elementor-element-24d6b49 e-flex e-con-boxed e-con e-parent\" data-id=\"24d6b49\" data-element_type=\"container\" data-e-type=\"container\" data-settings=\"{&quot;background_background&quot;:&quot;classic&quot;}\">\n\t\t\t\t\t<div class=\"e-con-inner\">\n\t\t<div class=\"elementor-element elementor-element-471be8e e-con-full e-flex e-con e-child\" data-id=\"471be8e\" data-element_type=\"container\" data-e-type=\"container\">\n\t\t<div class=\"elementor-element elementor-element-a3f07d9 e-flex e-con-boxed e-con e-child\" data-id=\"a3f07d9\" data-element_type=\"container\" data-e-type=\"container\" data-settings=\"{&quot;background_background&quot;:&quot;classic&quot;}\">\n\t\t\t\t\t<div class=\"e-con-inner\">\n\t\t\t\t<div class=\"elementor-element elementor-element-acfd769 elementor-widget__width-initial elementor-widget elementor-widget-heading\" data-id=\"acfd769\" data-element_type=\"widget\" data-e-type=\"widget\" data-widget_type=\"heading.default\">\n\t\t\t\t<div class=\"elementor-widget-container\">\n\t\t\t\t\t<div class=\"elementor-heading-title elementor-size-default\">Adresa<\/div>\t\t\t\t<\/div>\n\t\t\t\t<\/div>\n\t\t\t\t<div class=\"elementor-element elementor-element-db1601a elementor-widget__width-initial elementor-widget elementor-widget-heading\" data-id=\"db1601a\" data-element_type=\"widget\" data-e-type=\"widget\" data-widget_type=\"heading.default\">\n\t\t\t\t<div class=\"elementor-widget-container\">\n\t\t\t\t\t<div class=\"elementor-heading-title elementor-size-default\">Am Margaretenhof 28, 19057 Schwerin<\/div>\t\t\t\t<\/div>\n\t\t\t\t<\/div>\n\t\t\t\t\t<\/div>\n\t\t\t\t<\/div>\n\t\t<div class=\"elementor-element elementor-element-22516ea e-flex e-con-boxed e-con e-child\" data-id=\"22516ea\" data-element_type=\"container\" data-e-type=\"container\">\n\t\t\t\t\t<div class=\"e-con-inner\">\n\t\t\t\t<div class=\"elementor-element elementor-element-63723b3 elementor-widget__width-initial elementor-widget elementor-widget-heading\" data-id=\"63723b3\" data-element_type=\"widget\" data-e-type=\"widget\" data-widget_type=\"heading.default\">\n\t\t\t\t<div class=\"elementor-widget-container\">\n\t\t\t\t\t<div class=\"elementor-heading-title elementor-size-default\">E-mail<\/div>\t\t\t\t<\/div>\n\t\t\t\t<\/div>\n\t\t\t\t<div data-dce-title-color=\"#26B262\" class=\"elementor-element elementor-element-c6fb16f elementor-widget__width-initial elementor-widget elementor-widget-heading\" data-id=\"c6fb16f\" data-element_type=\"widget\" data-e-type=\"widget\" data-widget_type=\"heading.default\">\n\t\t\t\t<div class=\"elementor-widget-container\">\n\t\t\t\t\t<div class=\"elementor-heading-title elementor-size-default\"><a href=\"mailto:blum@regiovision-sn.de\">blum@regiovision-sn.de<\/a><\/div>\t\t\t\t<\/div>\n\t\t\t\t<\/div>\n\t\t\t\t\t<\/div>\n\t\t\t\t<\/div>\n\t\t<div class=\"elementor-element elementor-element-7556f3f e-flex e-con-boxed e-con e-child\" data-id=\"7556f3f\" data-element_type=\"container\" data-e-type=\"container\" data-settings=\"{&quot;background_background&quot;:&quot;classic&quot;}\">\n\t\t\t\t\t<div class=\"e-con-inner\">\n\t\t\t\t<div class=\"elementor-element elementor-element-4a1c79f elementor-widget__width-initial elementor-widget elementor-widget-heading\" data-id=\"4a1c79f\" data-element_type=\"widget\" data-e-type=\"widget\" data-widget_type=\"heading.default\">\n\t\t\t\t<div class=\"elementor-widget-container\">\n\t\t\t\t\t<div class=\"elementor-heading-title elementor-size-default\">Telefon<\/div>\t\t\t\t<\/div>\n\t\t\t\t<\/div>\n\t\t\t\t<div class=\"elementor-element elementor-element-80b9257 elementor-widget__width-initial elementor-widget elementor-widget-heading\" data-id=\"80b9257\" data-element_type=\"widget\" data-e-type=\"widget\" data-widget_type=\"heading.default\">\n\t\t\t\t<div class=\"elementor-widget-container\">\n\t\t\t\t\t<div class=\"elementor-heading-title elementor-size-default\">+49 (0)385 59379794<\/div>\t\t\t\t<\/div>\n\t\t\t\t<\/div>\n\t\t\t\t\t<\/div>\n\t\t\t\t<\/div>\n\t\t\t\t<\/div>\n\t\t\t\t<div class=\"elementor-element elementor-element-9f49c85 elementor-widget elementor-widget-heading\" data-id=\"9f49c85\" data-element_type=\"widget\" data-e-type=\"widget\" data-widget_type=\"heading.default\">\n\t\t\t\t<div class=\"elementor-widget-container\">\n\t\t\t\t\t<h2 class=\"elementor-heading-title elementor-size-default\">Jak\u00fd je \u00fa\u010del zpracov\u00e1n\u00ed?<\/h2>\t\t\t\t<\/div>\n\t\t\t\t<\/div>\n\t\t\t\t<div class=\"elementor-element elementor-element-1db799a elementor-widget elementor-widget-text-editor\" data-id=\"1db799a\" data-element_type=\"widget\" data-e-type=\"widget\" data-widget_type=\"text-editor.default\">\n\t\t\t\t<div class=\"elementor-widget-container\">\n\t\t\t\t\t\t\t\t\t<ul>\n<li><span data-sheets-root=\"1\">Reagovat na \u017e\u00e1dosti, st\u00ed\u017enosti a incidenty p\u0159edan\u00e9 prost\u0159ednictv\u00edm na\u0161ich kontaktn\u00edch kan\u00e1l\u016f, kter\u00e9 jsou sou\u010d\u00e1st\u00ed webov\u00fdch str\u00e1nek.<\/span><\/li>\n<li><span data-sheets-root=\"1\">K pochopen\u00ed chov\u00e1n\u00ed navig\u00e1tora na webu za \u00fa\u010delem odhalen\u00ed mo\u017en\u00fdch po\u010d\u00edta\u010dov\u00fdch \u00fatok\u016f na n\u00e1\u0161 web.<\/span><\/li>\n<li><span data-sheets-root=\"1\">Dodr\u017eovat z\u00e1konn\u00e9 povinnosti, kter\u00e9 se na n\u00e1s p\u0159\u00edmo vztahuj\u00ed a kter\u00e9 upravuj\u00ed na\u0161i \u010dinnost.<\/span><\/li>\n<li><span data-sheets-root=\"1\">K ochran\u011b a v\u00fdkonu na\u0161ich pr\u00e1v nebo k reakci na st\u00ed\u017enosti jak\u00e9hokoli druhu.<\/span><\/li>\n<li><span data-sheets-root=\"1\">Zas\u00edl\u00e1n\u00ed newsletter\u016f t\u00fdkaj\u00edc\u00edch se zbo\u017e\u00ed nebo slu\u017eeb, kter\u00e9 tvo\u0159\u00ed \u010dinnost odpov\u011bdn\u00e9 osoby nebo novinek souvisej\u00edc\u00edch s jej\u00ed \u010dinnost\u00ed.<\/span><\/li>\n<\/ul>\n\t\t\t\t\t\t\t\t<\/div>\n\t\t\t\t<\/div>\n\t\t\t\t\t<\/div>\n\t\t\t\t<\/div>\n\t\t<div class=\"elementor-element elementor-element-10b7980 e-flex e-con-boxed e-con e-parent\" data-id=\"10b7980\" data-element_type=\"container\" data-e-type=\"container\">\n\t\t\t\t\t<div class=\"e-con-inner\">\n\t\t\t\t<div class=\"elementor-element elementor-element-3b95f76 elementor-widget elementor-widget-heading\" data-id=\"3b95f76\" data-element_type=\"widget\" data-e-type=\"widget\" data-widget_type=\"heading.default\">\n\t\t\t\t<div class=\"elementor-widget-container\">\n\t\t\t\t\t<h2 class=\"elementor-heading-title elementor-size-default\">Jak\u00fd je pr\u00e1vn\u00ed z\u00e1klad pro zpracov\u00e1n\u00ed?<\/h2>\t\t\t\t<\/div>\n\t\t\t\t<\/div>\n\t\t\t\t<div class=\"elementor-element elementor-element-1df5a80 elementor-widget elementor-widget-text-editor\" data-id=\"1df5a80\" data-element_type=\"widget\" data-e-type=\"widget\" data-widget_type=\"text-editor.default\">\n\t\t\t\t<div class=\"elementor-widget-container\">\n\t\t\t\t\t\t\t\t\t<p><span data-sheets-root=\"1\">Pr\u00e1vn\u00edm z\u00e1kladem pro zpracov\u00e1n\u00ed va\u0161ich \u00fadaj\u016f je souhlas subjektu \u00fadaj\u016f podle \u010dl. 6 odst. 1 p\u00edsm. a) Na\u0159\u00edzen\u00ed a opr\u00e1vn\u011bn\u00fd z\u00e1jem spr\u00e1vce \u00fadaj\u016f podle \u010dl. 6 odst. 1 p\u00edsm. f) Na\u0159\u00edzen\u00ed.<\/span><\/p>\n\t\t\t\t\t\t\t\t<\/div>\n\t\t\t\t<\/div>\n\t\t\t\t<div class=\"elementor-element elementor-element-925f9d3 elementor-widget elementor-widget-text-editor\" data-id=\"925f9d3\" data-element_type=\"widget\" data-e-type=\"widget\" data-widget_type=\"text-editor.default\">\n\t\t\t\t<div class=\"elementor-widget-container\">\n\t\t\t\t\t\t\t\t\t<p><span data-sheets-root=\"1\">\u00dadaje, kter\u00e9 od v\u00e1s po\u017eadujeme, jsou p\u0159im\u011b\u0159en\u00e9, relevantn\u00ed a nezbytn\u011b nutn\u00e9 a v \u017e\u00e1dn\u00e9m p\u0159\u00edpad\u011b nejste povinni n\u00e1m je poskytnout, ale jejich nesd\u011blen\u00ed m\u016f\u017ee m\u00edt vliv na \u00fa\u010del slu\u017eby nebo nemo\u017enost jej\u00edho poskytnut\u00ed.<\/span><\/p>\n\t\t\t\t\t\t\t\t<\/div>\n\t\t\t\t<\/div>\n\t\t\t\t<div class=\"elementor-element elementor-element-9fe6bfa elementor-widget elementor-widget-heading\" data-id=\"9fe6bfa\" data-element_type=\"widget\" data-e-type=\"widget\" data-widget_type=\"heading.default\">\n\t\t\t\t<div class=\"elementor-widget-container\">\n\t\t\t\t\t<h2 class=\"elementor-heading-title elementor-size-default\">Jak dlouho Va\u0161e \u00fadaje uchov\u00e1v\u00e1me?<\/h2>\t\t\t\t<\/div>\n\t\t\t\t<\/div>\n\t\t\t\t<div class=\"elementor-element elementor-element-29a8010 elementor-widget elementor-widget-text-editor\" data-id=\"29a8010\" data-element_type=\"widget\" data-e-type=\"widget\" data-widget_type=\"text-editor.default\">\n\t\t\t\t<div class=\"elementor-widget-container\">\n\t\t\t\t\t\t\t\t\t<p><span data-sheets-root=\"1\">Va\u0161e \u00fadaje budou uchov\u00e1v\u00e1ny po dobu nezbytnou k \u0159\u00e1dn\u00e9mu poskytov\u00e1n\u00ed nab\u00edzen\u00fdch slu\u017eeb, jako\u017e i k pln\u011bn\u00ed povinnost\u00ed, kter\u00e9 z nich mohou vypl\u00fdvat, a dal\u0161\u00edch z\u00e1konn\u00fdch po\u017eadavk\u016f.<\/span><\/p>\n\t\t\t\t\t\t\t\t<\/div>\n\t\t\t\t<\/div>\n\t\t\t\t\t<\/div>\n\t\t\t\t<\/div>\n\t\t<div class=\"elementor-element elementor-element-c596e12 e-flex e-con-boxed e-con e-parent\" data-id=\"c596e12\" data-element_type=\"container\" data-e-type=\"container\" data-settings=\"{&quot;background_background&quot;:&quot;classic&quot;}\">\n\t\t\t\t\t<div class=\"e-con-inner\">\n\t\t\t\t<div class=\"elementor-element elementor-element-66faa82 elementor-widget elementor-widget-heading\" data-id=\"66faa82\" data-element_type=\"widget\" data-e-type=\"widget\" data-widget_type=\"heading.default\">\n\t\t\t\t<div class=\"elementor-widget-container\">\n\t\t\t\t\t<h2 class=\"elementor-heading-title elementor-size-default\">Kte\u0159\u00ed p\u0159\u00edjemci obdr\u017e\u00ed Va\u0161e data?<\/h2>\t\t\t\t<\/div>\n\t\t\t\t<\/div>\n\t\t\t\t<div class=\"elementor-element elementor-element-b71bb88 elementor-widget elementor-widget-text-editor\" data-id=\"b71bb88\" data-element_type=\"widget\" data-e-type=\"widget\" data-widget_type=\"text-editor.default\">\n\t\t\t\t<div class=\"elementor-widget-container\">\n\t\t\t\t\t\t\t\t\t<p>P\u0159i zpracov\u00e1n\u00ed va\u0161ich \u00fadaj\u016f m\u016f\u017ee, <strong>REGIOVISION GMBH SCHWERIN<\/strong> sd\u00edlet va\u0161e \u00fadaje s: <\/p>\n<p>On Projects Advising SL, as poskytovateli slu\u017eeb spr\u00e1vy a \u00fadr\u017eby webu.<\/p>\n\t\t\t\t\t\t\t\t<\/div>\n\t\t\t\t<\/div>\n\t\t\t\t<div class=\"elementor-element elementor-element-1fef60c elementor-widget elementor-widget-heading\" data-id=\"1fef60c\" data-element_type=\"widget\" data-e-type=\"widget\" data-widget_type=\"heading.default\">\n\t\t\t\t<div class=\"elementor-widget-container\">\n\t\t\t\t\t<h2 class=\"elementor-heading-title elementor-size-default\">Jak\u00e1 m\u00e1m pr\u00e1va?<\/h2>\t\t\t\t<\/div>\n\t\t\t\t<\/div>\n\t\t\t\t<div class=\"elementor-element elementor-element-dd5ca21 elementor-widget elementor-widget-text-editor\" data-id=\"dd5ca21\" data-element_type=\"widget\" data-e-type=\"widget\" data-widget_type=\"text-editor.default\">\n\t\t\t\t<div class=\"elementor-widget-container\">\n\t\t\t\t\t\t\t\t\t<ul>\n<li><span data-sheets-root=\"1\">Pr\u00e1vo na p\u0159\u00edstup: pr\u00e1vo z\u00edskat potvrzen\u00ed o tom, zda jsou osobn\u00ed \u00fadaje zpracov\u00e1v\u00e1ny, a pr\u00e1vo na p\u0159\u00edstup k t\u011bmto \u00fadaj\u016fm.<\/span><\/li>\n<li><span data-sheets-root=\"1\">Pr\u00e1vo na opravu osobn\u00edch \u00fadaj\u016f.<\/span><\/li>\n<li><span data-sheets-root=\"1\">Pr\u00e1vo na v\u00fdmaz.<\/span><\/li>\n<li><span data-sheets-root=\"1\">Pr\u00e1vo na omezen\u00ed zpracov\u00e1n\u00ed.<\/span><\/li>\n<li><span data-sheets-root=\"1\">Pr\u00e1vo na p\u0159enositelnost \u00fadaj\u016f.<\/span><\/li>\n<li><span data-sheets-root=\"1\">Pr\u00e1vo vzn\u00e9st n\u00e1mitku: pr\u00e1vo vzn\u00e9st n\u00e1mitku proti zpracov\u00e1n\u00ed \u00fadaj\u016f.<\/span><\/li>\n<\/ul>\n\t\t\t\t\t\t\t\t<\/div>\n\t\t\t\t<\/div>\n\t\t\t\t<div class=\"elementor-element elementor-element-663943c elementor-widget elementor-widget-text-editor\" data-id=\"663943c\" data-element_type=\"widget\" data-e-type=\"widget\" data-widget_type=\"text-editor.default\">\n\t\t\t\t<div class=\"elementor-widget-container\">\n\t\t\t\t\t\t\t\t\t<p><span data-sheets-root=\"1\">Spr\u00e1vce si vyhrazuje pr\u00e1vo omezit pr\u00e1va uveden\u00e1 v \u010dl\u00e1nku 23 na\u0159\u00edzen\u00ed EU, pokud je takov\u00e9 omezen\u00ed nezbytn\u00e9 pro ochranu zejm\u00e9na z\u00e1kladn\u00edch pr\u00e1v a svobod a p\u0159edstavuje nezbytn\u00e9 a p\u0159im\u011b\u0159en\u00e9 opat\u0159en\u00ed.<\/span><\/p>\n\t\t\t\t\t\t\t\t<\/div>\n\t\t\t\t<\/div>\n\t\t\t\t\t<\/div>\n\t\t\t\t<\/div>\n\t\t<div class=\"elementor-element elementor-element-b06e75b e-flex e-con-boxed e-con e-parent\" data-id=\"b06e75b\" data-element_type=\"container\" data-e-type=\"container\">\n\t\t\t\t\t<div class=\"e-con-inner\">\n\t\t\t\t<div class=\"elementor-element elementor-element-7f7e822 elementor-widget elementor-widget-heading\" data-id=\"7f7e822\" data-element_type=\"widget\" data-e-type=\"widget\" data-widget_type=\"heading.default\">\n\t\t\t\t<div class=\"elementor-widget-container\">\n\t\t\t\t\t<h2 class=\"elementor-heading-title elementor-size-default\">Kde mohu podat st\u00ed\u017enost?<\/h2>\t\t\t\t<\/div>\n\t\t\t\t<\/div>\n\t\t\t\t<div class=\"elementor-element elementor-element-71b7a97 elementor-widget elementor-widget-text-editor\" data-id=\"71b7a97\" data-element_type=\"widget\" data-e-type=\"widget\" data-widget_type=\"text-editor.default\">\n\t\t\t\t<div class=\"elementor-widget-container\">\n\t\t\t\t\t\t\t\t\t<p><span data-sheets-root=\"1\">Pokud se n\u011bkter\u00e1 ze z\u00fa\u010dastn\u011bn\u00fdch stran domn\u00edv\u00e1, \u017ee s jej\u00edmi \u00fadaji nen\u00ed zach\u00e1zeno spr\u00e1vn\u011b, m\u016f\u017ee zaslat st\u00ed\u017enost na n\u00e1sleduj\u00edc\u00ed e-mailovou adresu:<\/span><\/p>\n\t\t\t\t\t\t\t\t<\/div>\n\t\t\t\t<\/div>\n\t\t\t\t<div class=\"elementor-element elementor-element-896a230 elementor-widget elementor-widget-text-editor\" data-id=\"896a230\" data-element_type=\"widget\" data-e-type=\"widget\" data-widget_type=\"text-editor.default\">\n\t\t\t\t<div class=\"elementor-widget-container\">\n\t\t\t\t\t\t\t\t\t<p><span data-sheets-root=\"1\">Subjekt \u00fadaj\u016f prohla\u0161uje, \u017ee v\u0161echny tyto informace z\u00edskal.<\/span><\/p>\n\t\t\t\t\t\t\t\t<\/div>\n\t\t\t\t<\/div>\n\t\t\t\t\t<\/div>\n\t\t\t\t<\/div>\n\t\t\t\t<\/div>\n\t\t","protected":false},"excerpt":{"rendered":"<p>Ochrana osobn\u00edch \u00fadaj\u016f V projektu SUFABU bereme ochranu va\u0161ich osobn\u00edch \u00fadaj\u016f velmi v\u00e1\u017en\u011b. Na\u0161\u00edm c\u00edlem je chr\u00e1nit soukrom\u00ed \u00fadaj\u016f, kter\u00e9 n\u00e1m poskytujete, a dodr\u017eovat platn\u00e9 p\u0159edpisy o ochran\u011b osobn\u00edch \u00fadaj\u016f. V souladu se z\u00e1konem \u010d. 3\/2018 ze dne 5. prosince 2018 o ochran\u011b osobn\u00edch \u00fadaj\u016f a digit\u00e1ln\u00edch pr\u00e1v, kter\u00fd transponuje na\u0159\u00edzen\u00ed (EU) 2016\/679, v\u00e1s informujeme [&hellip;]<\/p>\n","protected":false},"author":1,"featured_media":0,"parent":0,"menu_order":0,"comment_status":"closed","ping_status":"closed","template":"elementor_header_footer","meta":{"_acf_changed":false,"footnotes":""},"class_list":["post-873","page","type-page","status-publish","hentry"],"acf":[],"yoast_head":"<!-- This site is optimized with the Yoast SEO plugin v27.4 - https:\/\/yoast.com\/product\/yoast-seo-wordpress\/ -->\n<title>Ochrana osobn\u00edch \u00fadaj\u016f - GREENSUFABU<\/title>\n<meta name=\"robots\" content=\"index, follow, max-snippet:-1, max-image-preview:large, max-video-preview:-1\" \/>\n<link rel=\"canonical\" href=\"https:\/\/greensufabu.eu\/cs\/ochrana-osobnich-udaju\" \/>\n<meta property=\"og:locale\" content=\"cs_CZ\" \/>\n<meta property=\"og:type\" content=\"article\" \/>\n<meta property=\"og:title\" content=\"Ochrana osobn\u00edch \u00fadaj\u016f - GREENSUFABU\" \/>\n<meta property=\"og:description\" content=\"Ochrana osobn\u00edch \u00fadaj\u016f V projektu SUFABU bereme ochranu va\u0161ich osobn\u00edch \u00fadaj\u016f velmi v\u00e1\u017en\u011b. Na\u0161\u00edm c\u00edlem je chr\u00e1nit soukrom\u00ed \u00fadaj\u016f, kter\u00e9 n\u00e1m poskytujete, a dodr\u017eovat platn\u00e9 p\u0159edpisy o ochran\u011b osobn\u00edch \u00fadaj\u016f. V souladu se z\u00e1konem \u010d. 3\/2018 ze dne 5. prosince 2018 o ochran\u011b osobn\u00edch \u00fadaj\u016f a digit\u00e1ln\u00edch pr\u00e1v, kter\u00fd transponuje na\u0159\u00edzen\u00ed (EU) 2016\/679, v\u00e1s informujeme [&hellip;]\" \/>\n<meta property=\"og:url\" content=\"https:\/\/greensufabu.eu\/cs\/ochrana-osobnich-udaju\" \/>\n<meta property=\"og:site_name\" content=\"GREENSUFABU\" \/>\n<meta property=\"article:modified_time\" content=\"2024-10-10T09:58:05+00:00\" \/>\n<meta name=\"twitter:card\" content=\"summary_large_image\" \/>\n<meta name=\"twitter:label1\" content=\"Odhadovan\u00e1 doba \u010dten\u00ed\" \/>\n\t<meta name=\"twitter:data1\" content=\"3 minuty\" \/>\n<script type=\"application\/ld+json\" class=\"yoast-schema-graph\">{\"@context\":\"https:\\\/\\\/schema.org\",\"@graph\":[{\"@type\":\"WebPage\",\"@id\":\"https:\\\/\\\/greensufabu.eu\\\/cs\\\/ochrana-osobnich-udaju\",\"url\":\"https:\\\/\\\/greensufabu.eu\\\/cs\\\/ochrana-osobnich-udaju\",\"name\":\"Ochrana osobn\u00edch \u00fadaj\u016f - GREENSUFABU\",\"isPartOf\":{\"@id\":\"https:\\\/\\\/greensufabu.eu\\\/#website\"},\"datePublished\":\"2024-10-08T08:57:16+00:00\",\"dateModified\":\"2024-10-10T09:58:05+00:00\",\"breadcrumb\":{\"@id\":\"https:\\\/\\\/greensufabu.eu\\\/cs\\\/ochrana-osobnich-udaju#breadcrumb\"},\"inLanguage\":\"cs\",\"potentialAction\":[{\"@type\":\"ReadAction\",\"target\":[\"https:\\\/\\\/greensufabu.eu\\\/cs\\\/ochrana-osobnich-udaju\"]}]},{\"@type\":\"BreadcrumbList\",\"@id\":\"https:\\\/\\\/greensufabu.eu\\\/cs\\\/ochrana-osobnich-udaju#breadcrumb\",\"itemListElement\":[{\"@type\":\"ListItem\",\"position\":1,\"name\":\"Home\",\"item\":\"https:\\\/\\\/greensufabu.eu\\\/cs\\\/home\"},{\"@type\":\"ListItem\",\"position\":2,\"name\":\"Ochrana osobn\u00edch \u00fadaj\u016f\"}]},{\"@type\":\"WebSite\",\"@id\":\"https:\\\/\\\/greensufabu.eu\\\/#website\",\"url\":\"https:\\\/\\\/greensufabu.eu\\\/\",\"name\":\"GREENSUFABU\",\"description\":\"\",\"publisher\":{\"@id\":\"https:\\\/\\\/greensufabu.eu\\\/#organization\"},\"potentialAction\":[{\"@type\":\"SearchAction\",\"target\":{\"@type\":\"EntryPoint\",\"urlTemplate\":\"https:\\\/\\\/greensufabu.eu\\\/?s={search_term_string}\"},\"query-input\":{\"@type\":\"PropertyValueSpecification\",\"valueRequired\":true,\"valueName\":\"search_term_string\"}}],\"inLanguage\":\"cs\"},{\"@type\":\"Organization\",\"@id\":\"https:\\\/\\\/greensufabu.eu\\\/#organization\",\"name\":\"GREENSUFABU\",\"url\":\"https:\\\/\\\/greensufabu.eu\\\/\",\"logo\":{\"@type\":\"ImageObject\",\"inLanguage\":\"cs\",\"@id\":\"https:\\\/\\\/greensufabu.eu\\\/#\\\/schema\\\/logo\\\/image\\\/\",\"url\":\"https:\\\/\\\/greensufabu.eu\\\/wp-content\\\/uploads\\\/2024\\\/05\\\/LOGO.png\",\"contentUrl\":\"https:\\\/\\\/greensufabu.eu\\\/wp-content\\\/uploads\\\/2024\\\/05\\\/LOGO.png\",\"width\":692,\"height\":792,\"caption\":\"GREENSUFABU\"},\"image\":{\"@id\":\"https:\\\/\\\/greensufabu.eu\\\/#\\\/schema\\\/logo\\\/image\\\/\"}}]}<\/script>\n<!-- \/ Yoast SEO plugin. -->","yoast_head_json":{"title":"Ochrana osobn\u00edch \u00fadaj\u016f - GREENSUFABU","robots":{"index":"index","follow":"follow","max-snippet":"max-snippet:-1","max-image-preview":"max-image-preview:large","max-video-preview":"max-video-preview:-1"},"canonical":"https:\/\/greensufabu.eu\/cs\/ochrana-osobnich-udaju","og_locale":"cs_CZ","og_type":"article","og_title":"Ochrana osobn\u00edch \u00fadaj\u016f - GREENSUFABU","og_description":"Ochrana osobn\u00edch \u00fadaj\u016f V projektu SUFABU bereme ochranu va\u0161ich osobn\u00edch \u00fadaj\u016f velmi v\u00e1\u017en\u011b. Na\u0161\u00edm c\u00edlem je chr\u00e1nit soukrom\u00ed \u00fadaj\u016f, kter\u00e9 n\u00e1m poskytujete, a dodr\u017eovat platn\u00e9 p\u0159edpisy o ochran\u011b osobn\u00edch \u00fadaj\u016f. V souladu se z\u00e1konem \u010d. 3\/2018 ze dne 5. prosince 2018 o ochran\u011b osobn\u00edch \u00fadaj\u016f a digit\u00e1ln\u00edch pr\u00e1v, kter\u00fd transponuje na\u0159\u00edzen\u00ed (EU) 2016\/679, v\u00e1s informujeme [&hellip;]","og_url":"https:\/\/greensufabu.eu\/cs\/ochrana-osobnich-udaju","og_site_name":"GREENSUFABU","article_modified_time":"2024-10-10T09:58:05+00:00","twitter_card":"summary_large_image","twitter_misc":{"Odhadovan\u00e1 doba \u010dten\u00ed":"3 minuty"},"schema":{"@context":"https:\/\/schema.org","@graph":[{"@type":"WebPage","@id":"https:\/\/greensufabu.eu\/cs\/ochrana-osobnich-udaju","url":"https:\/\/greensufabu.eu\/cs\/ochrana-osobnich-udaju","name":"Ochrana osobn\u00edch \u00fadaj\u016f - GREENSUFABU","isPartOf":{"@id":"https:\/\/greensufabu.eu\/#website"},"datePublished":"2024-10-08T08:57:16+00:00","dateModified":"2024-10-10T09:58:05+00:00","breadcrumb":{"@id":"https:\/\/greensufabu.eu\/cs\/ochrana-osobnich-udaju#breadcrumb"},"inLanguage":"cs","potentialAction":[{"@type":"ReadAction","target":["https:\/\/greensufabu.eu\/cs\/ochrana-osobnich-udaju"]}]},{"@type":"BreadcrumbList","@id":"https:\/\/greensufabu.eu\/cs\/ochrana-osobnich-udaju#breadcrumb","itemListElement":[{"@type":"ListItem","position":1,"name":"Home","item":"https:\/\/greensufabu.eu\/cs\/home"},{"@type":"ListItem","position":2,"name":"Ochrana osobn\u00edch \u00fadaj\u016f"}]},{"@type":"WebSite","@id":"https:\/\/greensufabu.eu\/#website","url":"https:\/\/greensufabu.eu\/","name":"GREENSUFABU","description":"","publisher":{"@id":"https:\/\/greensufabu.eu\/#organization"},"potentialAction":[{"@type":"SearchAction","target":{"@type":"EntryPoint","urlTemplate":"https:\/\/greensufabu.eu\/?s={search_term_string}"},"query-input":{"@type":"PropertyValueSpecification","valueRequired":true,"valueName":"search_term_string"}}],"inLanguage":"cs"},{"@type":"Organization","@id":"https:\/\/greensufabu.eu\/#organization","name":"GREENSUFABU","url":"https:\/\/greensufabu.eu\/","logo":{"@type":"ImageObject","inLanguage":"cs","@id":"https:\/\/greensufabu.eu\/#\/schema\/logo\/image\/","url":"https:\/\/greensufabu.eu\/wp-content\/uploads\/2024\/05\/LOGO.png","contentUrl":"https:\/\/greensufabu.eu\/wp-content\/uploads\/2024\/05\/LOGO.png","width":692,"height":792,"caption":"GREENSUFABU"},"image":{"@id":"https:\/\/greensufabu.eu\/#\/schema\/logo\/image\/"}}]}},"_links":{"self":[{"href":"https:\/\/greensufabu.eu\/cs\/wp-json\/wp\/v2\/pages\/873","targetHints":{"allow":["GET"]}}],"collection":[{"href":"https:\/\/greensufabu.eu\/cs\/wp-json\/wp\/v2\/pages"}],"about":[{"href":"https:\/\/greensufabu.eu\/cs\/wp-json\/wp\/v2\/types\/page"}],"author":[{"embeddable":true,"href":"https:\/\/greensufabu.eu\/cs\/wp-json\/wp\/v2\/users\/1"}],"replies":[{"embeddable":true,"href":"https:\/\/greensufabu.eu\/cs\/wp-json\/wp\/v2\/comments?post=873"}],"version-history":[{"count":1,"href":"https:\/\/greensufabu.eu\/cs\/wp-json\/wp\/v2\/pages\/873\/revisions"}],"predecessor-version":[{"id":874,"href":"https:\/\/greensufabu.eu\/cs\/wp-json\/wp\/v2\/pages\/873\/revisions\/874"}],"wp:attachment":[{"href":"https:\/\/greensufabu.eu\/cs\/wp-json\/wp\/v2\/media?parent=873"}],"curies":[{"name":"wp","href":"https:\/\/api.w.org\/{rel}","templated":true}]}}