{"id":2442,"date":"2024-06-12T10:38:45","date_gmt":"2024-06-12T10:38:45","guid":{"rendered":"https:\/\/greensufabu.eu\/learning-hub"},"modified":"2025-12-02T07:41:04","modified_gmt":"2025-12-02T07:41:04","slug":"learning-hub","status":"publish","type":"page","link":"https:\/\/greensufabu.eu\/cs\/learning-hub","title":{"rendered":"Learning Hub"},"content":{"rendered":"\t\t<div data-elementor-type=\"wp-page\" data-elementor-id=\"2442\" class=\"elementor elementor-2442 elementor-199\" data-elementor-post-type=\"page\">\n\t\t\t\t<div data-dce-background-image-url=\"https:\/\/greensufabu.eu\/wp-content\/uploads\/2024\/06\/pexels-olly-3823488-scaled.jpg\" class=\"elementor-element elementor-element-be46d4b e-con-full e-flex e-con e-parent\" data-id=\"be46d4b\" data-element_type=\"container\" data-settings=\"{&quot;background_background&quot;:&quot;classic&quot;}\">\n\t\t\t\t<\/div>\n\t\t<div class=\"elementor-element elementor-element-6838d81 e-flex e-con-boxed e-con e-parent\" data-id=\"6838d81\" data-element_type=\"container\">\n\t\t\t\t\t<div class=\"e-con-inner\">\n\t\t\t\t<div class=\"elementor-element elementor-element-7a627f9 elementor-widget__width-initial elementor-widget elementor-widget-text-editor\" data-id=\"7a627f9\" data-element_type=\"widget\" data-widget_type=\"text-editor.default\">\n\t\t\t\t<div class=\"elementor-widget-container\">\n\t\t\t\t\t\t\t\t\t<p>SUFABU Learning Hub: C\u00edlem projektu je prost\u0159ednictv\u00edm spolupr\u00e1ce projektov\u00fdch partner\u016f poskytovat r\u016fzn\u00e9 inovativn\u00ed vzd\u011bl\u00e1vac\u00ed materi\u00e1ly pro podnikatele rodinn\u00fdch firem a mal\u00e9 a st\u0159edn\u00ed podniky. Prohl\u00e9dn\u011bte si v\u0161echny v\u00fdstupy projektu v na\u0161em learning hub prostoru. <\/p>\t\t\t\t\t\t\t\t<\/div>\n\t\t\t\t<\/div>\n\t\t<div class=\"elementor-element elementor-element-ab0dc85 e-con-full e-flex e-con e-child\" data-id=\"ab0dc85\" data-element_type=\"container\">\n\t\t<div class=\"elementor-element elementor-element-8eb9486 e-flex e-con-boxed e-con e-child\" data-id=\"8eb9486\" data-element_type=\"container\" data-settings=\"{&quot;background_background&quot;:&quot;classic&quot;}\">\n\t\t\t\t\t<div class=\"e-con-inner\">\n\t\t\t\t<div class=\"elementor-element elementor-element-00e2ad2 elementor-widget-tablet__width-initial elementor-view-default elementor-widget elementor-widget-icon\" data-id=\"00e2ad2\" data-element_type=\"widget\" data-widget_type=\"icon.default\">\n\t\t\t\t<div class=\"elementor-widget-container\">\n\t\t\t\t\t\t\t<div class=\"elementor-icon-wrapper\">\n\t\t\t<div class=\"elementor-icon\">\n\t\t\t<svg xmlns=\"http:\/\/www.w3.org\/2000\/svg\" id=\"Layer_1\" data-name=\"Layer 1\" viewBox=\"0 0 400 400\"><defs><style>      .cls-1 {        fill: #2b4b94;      }      .cls-1, .cls-2 {        stroke-width: 0px;      }      .cls-2 {        fill: #fff;        fill-rule: evenodd;      }    <\/style><\/defs><circle class=\"cls-1\" cx=\"200\" cy=\"200\" r=\"200\"><\/circle><path class=\"cls-2\" d=\"M149.94,120.04h163.08c2.66,0,4.84,2.19,4.84,4.84v28.42h.14v109.1h-164.18v-6.89h157.29v-101.01h-170.88v-24.75c0-5.34,4.37-9.71,9.71-9.71h0ZM76.03,201.53c-.61-11.42,8.76-14.34,21.47-13.59l16.03,17.86,15.7-17.63,38.87-.22c14.69,1.67,11.6,17.03,0,17.68h-25.44l-5.99,35.96-4.53,36.51c-1.18,3.86-3.54,6.38-6.95,7.68l-22.12.16c-4.45-.67-7.11-3.27-7.9-7.84l-3.45-32.51c-9.06.87-12.09-5.55-13.04-14.85l-2.66-29.22h0ZM112.56,137.4c10.89,0,19.71,8.82,19.71,19.71s-8.82,19.71-19.71,19.71-19.71-8.82-19.71-19.71c-.02-10.87,8.82-19.71,19.71-19.71h0ZM113.31,197.42l-12.49-13.69,3.68-2.93c5.42,2.26,10.79,2.26,16.11,0l5.04,2.99-12.35,13.63h0ZM206.06,128.86c3.96,0,7.17,3.21,7.17,7.17s-3.21,7.17-7.17,7.17-7.17-3.21-7.17-7.17,3.21-7.17,7.17-7.17h0ZM165.28,128.86c3.96,0,7.17,3.21,7.17,7.17s-3.21,7.17-7.17,7.17-7.17-3.21-7.17-7.17c0-3.96,3.21-7.17,7.17-7.17h0ZM185.66,128.86c3.96,0,7.17,3.21,7.17,7.17s-3.21,7.17-7.17,7.17-7.17-3.21-7.17-7.17,3.21-7.17,7.17-7.17h0ZM290.88,132.11c-.73-.73-.73-1.93,0-2.66s1.93-.73,2.66,0l3.94,3.94,3.94-3.94c.73-.73,1.93-.73,2.66,0,.73.73.73,1.93,0,2.66l-3.94,3.94,3.94,3.94c.73.73.73,1.93,0,2.66s-1.93.73-2.66,0l-3.94-3.94-3.94,3.94c-.73.73-1.93.73-2.66,0-.73-.73-.73-1.93,0-2.66l3.94-3.94-3.94-3.94h0Z\"><\/path><\/svg>\t\t\t<\/div>\n\t\t<\/div>\n\t\t\t\t\t\t<\/div>\n\t\t\t\t<\/div>\n\t\t<div class=\"elementor-element elementor-element-feeaa82 e-flex e-con-boxed e-con e-child\" data-id=\"feeaa82\" data-element_type=\"container\" data-settings=\"{&quot;background_background&quot;:&quot;classic&quot;}\">\n\t\t\t\t\t<div class=\"e-con-inner\">\n\t\t\t\t<div class=\"elementor-element elementor-element-15b5d02 elementor-widget elementor-widget-heading\" data-id=\"15b5d02\" data-element_type=\"widget\" data-widget_type=\"heading.default\">\n\t\t\t\t<div class=\"elementor-widget-container\">\n\t\t\t\t\t<h2 class=\"elementor-heading-title elementor-size-default\">Vzd\u011bl\u00e1vac\u00ed program SUFABU<\/h2>\t\t\t\t<\/div>\n\t\t\t\t<\/div>\n\t\t<!-- dce invisible element 8dcc74c -->\t\t<div class=\"elementor-element elementor-element-2a53316 elementor-align-center elementor-tablet-align-left elementor-widget elementor-widget-button\" data-id=\"2a53316\" data-element_type=\"widget\" data-widget_type=\"button.default\">\n\t\t\t\t<div class=\"elementor-widget-container\">\n\t\t\t\t\t\t\t\t\t<div class=\"elementor-button-wrapper\">\n\t\t\t\t\t<a class=\"elementor-button elementor-button-link elementor-size-sm\" href=\"#\">\n\t\t\t\t\t\t<span class=\"elementor-button-content-wrapper\">\n\t\t\t\t\t\t\t\t\t<span class=\"elementor-button-text\">Ji\u017e brzy<\/span>\n\t\t\t\t\t<\/span>\n\t\t\t\t\t<\/a>\n\t\t\t\t<\/div>\n\t\t\t\t\t\t\t\t<\/div>\n\t\t\t\t<\/div>\n\t\t\t\t\t<\/div>\n\t\t\t\t<\/div>\n\t\t\t\t\t<\/div>\n\t\t\t\t<\/div>\n\t\t<div class=\"elementor-element elementor-element-b4f882e e-flex e-con-boxed e-con e-child\" data-id=\"b4f882e\" data-element_type=\"container\" data-settings=\"{&quot;background_background&quot;:&quot;classic&quot;}\">\n\t\t\t\t\t<div class=\"e-con-inner\">\n\t\t\t\t<div class=\"elementor-element elementor-element-3c1a494 elementor-widget-tablet__width-initial elementor-view-default elementor-widget elementor-widget-icon\" data-id=\"3c1a494\" data-element_type=\"widget\" data-widget_type=\"icon.default\">\n\t\t\t\t<div class=\"elementor-widget-container\">\n\t\t\t\t\t\t\t<div class=\"elementor-icon-wrapper\">\n\t\t\t<div class=\"elementor-icon\">\n\t\t\t<svg xmlns=\"http:\/\/www.w3.org\/2000\/svg\" id=\"Layer_1\" data-name=\"Layer 1\" viewBox=\"0 0 400 400\"><defs><style>      .cls-1 {        fill: #2b4b94;      }      .cls-1, .cls-2 {        stroke-width: 0px;      }      .cls-2 {        fill: #fff;        fill-rule: evenodd;      }    <\/style><\/defs><circle class=\"cls-1\" cx=\"200\" cy=\"200\" r=\"200\"><\/circle><path class=\"cls-2\" d=\"M127.17,120.09h145.67c2.77,0,5.31,1.15,7.15,2.99h.01s.01.03.01.03h.01c1.84,1.86,2.97,4.39,2.97,7.16v139.5c0,2.8-1.15,5.34-2.99,7.17s-4.38,2.99-7.17,2.99H127.17c-2.77,0-5.31-1.13-7.16-2.99h-.01s-.01-.03-.01-.03h-.01c-1.84-1.86-2.97-4.39-2.97-7.16v-139.51c.03-2.8,1.16-5.34,3-7.17.11-.11.22-.22.34-.31,1.81-1.65,4.21-2.66,6.83-2.66h0ZM205.89,253.47c-2.13,0-3.86-1.88-3.86-4.2s1.73-4.2,3.86-4.2h47.57c2.13,0,3.86,1.88,3.86,4.2s-1.73,4.2-3.86,4.2h-47.57ZM145.15,253.47c-2.11,0-3.82-1.88-3.82-4.2s1.72-4.2,3.82-4.2h44.1c2.11,0,3.82,1.88,3.82,4.2s-1.72,4.2-3.82,4.2h-44.1ZM143.62,235.11c-2.11,0-3.82-1.88-3.82-4.2s1.72-4.2,3.82-4.2h44.1c2.11,0,3.82,1.88,3.82,4.2s-1.72,4.2-3.82,4.2h-44.1ZM205.89,235.11c-2.13,0-3.86-1.88-3.86-4.2s1.73-4.2,3.86-4.2h47.57c2.13,0,3.86,1.88,3.86,4.2s-1.73,4.2-3.86,4.2h-47.57ZM140.79,167.05h116.08v45.45h-116.08v-45.45h0ZM273.83,156.46c-.32.05-.65.08-.97.08H127.17c-.34,0-.66-.03-.97-.08v113.27c0,.27.11.51.27.69h.01c.18.19.41.28.69.28h145.67c.26,0,.5-.11.69-.3.18-.18.3-.42.3-.69v-113.26h0ZM184.72,133.19c3.65,0,6.59,2.96,6.59,6.59s-2.96,6.59-6.59,6.59-6.59-2.96-6.59-6.59,2.96-6.59,6.59-6.59h0ZM161.67,133.19c3.65,0,6.59,2.96,6.59,6.59s-2.96,6.59-6.59,6.59-6.59-2.96-6.59-6.59,2.96-6.59,6.59-6.59h0ZM138.62,133.19c3.65,0,6.59,2.96,6.59,6.59s-2.96,6.59-6.59,6.59-6.59-2.96-6.59-6.59,2.94-6.59,6.59-6.59h0Z\"><\/path><\/svg>\t\t\t<\/div>\n\t\t<\/div>\n\t\t\t\t\t\t<\/div>\n\t\t\t\t<\/div>\n\t\t<div class=\"elementor-element elementor-element-bbcaf80 e-flex e-con-boxed e-con e-child\" data-id=\"bbcaf80\" data-element_type=\"container\" data-settings=\"{&quot;background_background&quot;:&quot;classic&quot;}\">\n\t\t\t\t\t<div class=\"e-con-inner\">\n\t\t\t\t<div class=\"elementor-element elementor-element-a404422 elementor-widget elementor-widget-heading\" data-id=\"a404422\" data-element_type=\"widget\" data-widget_type=\"heading.default\">\n\t\t\t\t<div class=\"elementor-widget-container\">\n\t\t\t\t\t<h2 class=\"elementor-heading-title elementor-size-default\">Audiovizu\u00e1ln\u00ed platforma pro elektronick\u00e9 vzd\u011bl\u00e1v\u00e1n\u00ed<\/h2>\t\t\t\t<\/div>\n\t\t\t\t<\/div>\n\t\t<!-- dce invisible element 80db813 -->\t\t<div class=\"elementor-element elementor-element-8b88b55 elementor-align-center elementor-tablet-align-left elementor-widget elementor-widget-button\" data-id=\"8b88b55\" data-element_type=\"widget\" data-widget_type=\"button.default\">\n\t\t\t\t<div class=\"elementor-widget-container\">\n\t\t\t\t\t\t\t\t\t<div class=\"elementor-button-wrapper\">\n\t\t\t\t\t<a class=\"elementor-button elementor-button-link elementor-size-sm\" href=\"#\">\n\t\t\t\t\t\t<span class=\"elementor-button-content-wrapper\">\n\t\t\t\t\t\t\t\t\t<span class=\"elementor-button-text\">Ji\u017e brzy<\/span>\n\t\t\t\t\t<\/span>\n\t\t\t\t\t<\/a>\n\t\t\t\t<\/div>\n\t\t\t\t\t\t\t\t<\/div>\n\t\t\t\t<\/div>\n\t\t\t\t\t<\/div>\n\t\t\t\t<\/div>\n\t\t\t\t\t<\/div>\n\t\t\t\t<\/div>\n\t\t<div class=\"elementor-element elementor-element-d112cee e-flex e-con-boxed e-con e-child\" data-id=\"d112cee\" data-element_type=\"container\" data-settings=\"{&quot;background_background&quot;:&quot;classic&quot;}\">\n\t\t\t\t\t<div class=\"e-con-inner\">\n\t\t\t\t<div class=\"elementor-element elementor-element-d62a8e6 elementor-widget-tablet__width-initial elementor-view-default elementor-widget elementor-widget-icon\" data-id=\"d62a8e6\" data-element_type=\"widget\" data-widget_type=\"icon.default\">\n\t\t\t\t<div class=\"elementor-widget-container\">\n\t\t\t\t\t\t\t<div class=\"elementor-icon-wrapper\">\n\t\t\t<div class=\"elementor-icon\">\n\t\t\t<svg xmlns=\"http:\/\/www.w3.org\/2000\/svg\" id=\"Layer_1\" data-name=\"Layer 1\" viewBox=\"0 0 400 400\"><defs><style>      .cls-1 {        fill: #2b4b94;      }      .cls-1, .cls-2 {        stroke-width: 0px;      }      .cls-2 {        fill: #fff;      }    <\/style><\/defs><circle class=\"cls-1\" cx=\"200\" cy=\"200\" r=\"200\"><\/circle><path class=\"cls-2\" d=\"M122.01,242.5l.5-87.77h-9.91v111.68c13.62-3.52,27.28-5.75,41.04-5.85,12.71-.08,25.41,1.69,38.15,6.01-7.91-6.41-16.73-11.12-26.15-14.19-11.86-3.87-24.68-5.15-37.81-4.03-2.97.24-5.56-1.97-5.82-4.92-.03-.32-.03-.62,0-.93h0ZM267.41,150.14c-.03-.26-.06-.53-.06-.82,0-.27.02-.54.06-.82v-17.77c-12.47-1.18-25.32.19-36.54,4.44-10.48,3.98-19.53,10.52-25.41,19.88v101.23c9.14-6.11,18.49-11.12,28.1-14.54,10.95-3.9,22.2-5.75,33.85-4.83v-86.78h0ZM278.2,143.94h14.61c2.97,0,5.39,2.41,5.39,5.39v124.12c0,2.97-2.41,5.39-5.39,5.39-.61,0-1.2-.1-1.74-.29-15.02-4.3-29.95-7.16-44.73-7.26-14.42-.1-28.82,2.45-43.28,8.82-.9.59-1.97.91-3.07.9-1.09.02-2.16-.3-3.07-.9-14.45-6.39-28.86-8.92-43.28-8.82-14.78.1-29.7,2.96-44.73,7.26-.54.19-1.13.29-1.74.29-2.94.02-5.35-2.4-5.35-5.37v-124.13c0-2.97,2.41-5.39,5.39-5.39h15.36l.1-18c.02-2.59,1.84-4.73,4.28-5.24h0c14.18-2.96,31.41-2.22,46.51,3.56,10.44,4,19.91,10.37,26.83,19.58,6.98-8.58,16.32-14.75,26.82-18.73,14.35-5.45,30.91-6.76,46.49-4.48,2.69.38,4.6,2.7,4.6,5.32h0v17.98h.02ZM210.69,265.75c11.91-3.74,23.8-5.27,35.69-5.21,13.76.08,27.43,2.33,41.04,5.85v-111.67h-9.22v88.25c0,2.97-2.41,5.39-5.39,5.39-.43,0-.85-.05-1.25-.14-11.79-1.85-23.22-.32-34.38,3.66-8.98,3.21-17.8,8.01-26.5,13.87h0ZM194.69,255.25v-100.35c-5.64-9.96-14.77-16.62-25.08-20.57-11.68-4.48-24.8-5.48-36.25-3.85l-.61,106.78c12.48-.45,24.69,1.13,36.18,4.89,9.14,2.97,17.8,7.34,25.75,13.11h0Z\"><\/path><\/svg>\t\t\t<\/div>\n\t\t<\/div>\n\t\t\t\t\t\t<\/div>\n\t\t\t\t<\/div>\n\t\t<div class=\"elementor-element elementor-element-5f22d50 e-flex e-con-boxed e-con e-child\" data-id=\"5f22d50\" data-element_type=\"container\" data-settings=\"{&quot;background_background&quot;:&quot;classic&quot;}\">\n\t\t\t\t\t<div class=\"e-con-inner\">\n\t\t\t\t<div class=\"elementor-element elementor-element-4939883 elementor-widget elementor-widget-heading\" data-id=\"4939883\" data-element_type=\"widget\" data-widget_type=\"heading.default\">\n\t\t\t\t<div class=\"elementor-widget-container\">\n\t\t\t\t\t<h2 class=\"elementor-heading-title elementor-size-default\">V\u00fdukov\u00e9 materi\u00e1ly<\/h2>\t\t\t\t<\/div>\n\t\t\t\t<\/div>\n\t\t<!-- dce invisible element 9a2dad1 -->\t\t<div class=\"elementor-element elementor-element-6afcdb7 elementor-align-center elementor-tablet-align-left elementor-widget elementor-widget-button\" data-id=\"6afcdb7\" data-element_type=\"widget\" data-widget_type=\"button.default\">\n\t\t\t\t<div class=\"elementor-widget-container\">\n\t\t\t\t\t\t\t\t\t<div class=\"elementor-button-wrapper\">\n\t\t\t\t\t<a class=\"elementor-button elementor-button-link elementor-size-sm\" href=\"#\">\n\t\t\t\t\t\t<span class=\"elementor-button-content-wrapper\">\n\t\t\t\t\t\t\t\t\t<span class=\"elementor-button-text\">Ji\u017e brzy<\/span>\n\t\t\t\t\t<\/span>\n\t\t\t\t\t<\/a>\n\t\t\t\t<\/div>\n\t\t\t\t\t\t\t\t<\/div>\n\t\t\t\t<\/div>\n\t\t\t\t\t<\/div>\n\t\t\t\t<\/div>\n\t\t\t\t\t<\/div>\n\t\t\t\t<\/div>\n\t\t\t\t<\/div>\n\t\t\t\t\t<\/div>\n\t\t\t\t<\/div>\n\t\t\t\t<\/div>\n\t\t","protected":false},"excerpt":{"rendered":"<p>SUFABU Learning Hub: C\u00edlem projektu je prost\u0159ednictv\u00edm spolupr\u00e1ce projektov\u00fdch partner\u016f poskytovat r\u016fzn\u00e9 inovativn\u00ed vzd\u011bl\u00e1vac\u00ed materi\u00e1ly pro podnikatele rodinn\u00fdch firem a mal\u00e9 a st\u0159edn\u00ed podniky. Prohl\u00e9dn\u011bte si v\u0161echny v\u00fdstupy projektu v na\u0161em learning hub prostoru. Vzd\u011bl\u00e1vac\u00ed program SUFABU Neque convallis a cras semper auctor neque vitae tempus quam Ji\u017e brzy Audiovizu\u00e1ln\u00ed platforma pro elektronick\u00e9 vzd\u011bl\u00e1v\u00e1n\u00ed Neque [&hellip;]<\/p>\n","protected":false},"author":1,"featured_media":0,"parent":0,"menu_order":0,"comment_status":"closed","ping_status":"closed","template":"elementor_header_footer","meta":{"_acf_changed":false,"footnotes":""},"class_list":["post-2442","page","type-page","status-publish","hentry"],"acf":[],"yoast_head":"<!-- This site is optimized with the Yoast SEO plugin v26.8 - https:\/\/yoast.com\/product\/yoast-seo-wordpress\/ -->\n<title>Learning Hub - GREENSUFABU<\/title>\n<meta name=\"robots\" content=\"index, follow, max-snippet:-1, max-image-preview:large, max-video-preview:-1\" \/>\n<link rel=\"canonical\" href=\"https:\/\/greensufabu.eu\/cs\/learning-hub\" \/>\n<meta property=\"og:locale\" content=\"cs_CZ\" \/>\n<meta property=\"og:type\" content=\"article\" \/>\n<meta property=\"og:title\" content=\"Learning Hub - GREENSUFABU\" \/>\n<meta property=\"og:description\" content=\"SUFABU Learning Hub: C\u00edlem projektu je prost\u0159ednictv\u00edm spolupr\u00e1ce projektov\u00fdch partner\u016f poskytovat r\u016fzn\u00e9 inovativn\u00ed vzd\u011bl\u00e1vac\u00ed materi\u00e1ly pro podnikatele rodinn\u00fdch firem a mal\u00e9 a st\u0159edn\u00ed podniky. Prohl\u00e9dn\u011bte si v\u0161echny v\u00fdstupy projektu v na\u0161em learning hub prostoru. Vzd\u011bl\u00e1vac\u00ed program SUFABU Neque convallis a cras semper auctor neque vitae tempus quam Ji\u017e brzy Audiovizu\u00e1ln\u00ed platforma pro elektronick\u00e9 vzd\u011bl\u00e1v\u00e1n\u00ed Neque [&hellip;]\" \/>\n<meta property=\"og:url\" content=\"https:\/\/greensufabu.eu\/cs\/learning-hub\" \/>\n<meta property=\"og:site_name\" content=\"GREENSUFABU\" \/>\n<meta property=\"article:modified_time\" content=\"2025-12-02T07:41:04+00:00\" \/>\n<meta name=\"twitter:card\" content=\"summary_large_image\" \/>\n<meta name=\"twitter:label1\" content=\"Odhadovan\u00e1 doba \u010dten\u00ed\" \/>\n\t<meta name=\"twitter:data1\" content=\"1 minuta\" \/>\n<script type=\"application\/ld+json\" class=\"yoast-schema-graph\">{\"@context\":\"https:\/\/schema.org\",\"@graph\":[{\"@type\":\"WebPage\",\"@id\":\"https:\/\/greensufabu.eu\/cs\/learning-hub\",\"url\":\"https:\/\/greensufabu.eu\/cs\/learning-hub\",\"name\":\"Learning Hub - GREENSUFABU\",\"isPartOf\":{\"@id\":\"https:\/\/greensufabu.eu\/#website\"},\"datePublished\":\"2024-06-12T10:38:45+00:00\",\"dateModified\":\"2025-12-02T07:41:04+00:00\",\"breadcrumb\":{\"@id\":\"https:\/\/greensufabu.eu\/cs\/learning-hub#breadcrumb\"},\"inLanguage\":\"cs\",\"potentialAction\":[{\"@type\":\"ReadAction\",\"target\":[\"https:\/\/greensufabu.eu\/cs\/learning-hub\"]}]},{\"@type\":\"BreadcrumbList\",\"@id\":\"https:\/\/greensufabu.eu\/cs\/learning-hub#breadcrumb\",\"itemListElement\":[{\"@type\":\"ListItem\",\"position\":1,\"name\":\"Home\",\"item\":\"https:\/\/greensufabu.eu\/cs\/home\"},{\"@type\":\"ListItem\",\"position\":2,\"name\":\"Learning Hub\"}]},{\"@type\":\"WebSite\",\"@id\":\"https:\/\/greensufabu.eu\/#website\",\"url\":\"https:\/\/greensufabu.eu\/\",\"name\":\"GREENSUFABU\",\"description\":\"\",\"publisher\":{\"@id\":\"https:\/\/greensufabu.eu\/#organization\"},\"potentialAction\":[{\"@type\":\"SearchAction\",\"target\":{\"@type\":\"EntryPoint\",\"urlTemplate\":\"https:\/\/greensufabu.eu\/?s={search_term_string}\"},\"query-input\":{\"@type\":\"PropertyValueSpecification\",\"valueRequired\":true,\"valueName\":\"search_term_string\"}}],\"inLanguage\":\"cs\"},{\"@type\":\"Organization\",\"@id\":\"https:\/\/greensufabu.eu\/#organization\",\"name\":\"GREENSUFABU\",\"url\":\"https:\/\/greensufabu.eu\/\",\"logo\":{\"@type\":\"ImageObject\",\"inLanguage\":\"cs\",\"@id\":\"https:\/\/greensufabu.eu\/#\/schema\/logo\/image\/\",\"url\":\"https:\/\/greensufabu.eu\/wp-content\/uploads\/2024\/05\/LOGO.png\",\"contentUrl\":\"https:\/\/greensufabu.eu\/wp-content\/uploads\/2024\/05\/LOGO.png\",\"width\":692,\"height\":792,\"caption\":\"GREENSUFABU\"},\"image\":{\"@id\":\"https:\/\/greensufabu.eu\/#\/schema\/logo\/image\/\"}}]}<\/script>\n<!-- \/ Yoast SEO plugin. -->","yoast_head_json":{"title":"Learning Hub - GREENSUFABU","robots":{"index":"index","follow":"follow","max-snippet":"max-snippet:-1","max-image-preview":"max-image-preview:large","max-video-preview":"max-video-preview:-1"},"canonical":"https:\/\/greensufabu.eu\/cs\/learning-hub","og_locale":"cs_CZ","og_type":"article","og_title":"Learning Hub - GREENSUFABU","og_description":"SUFABU Learning Hub: C\u00edlem projektu je prost\u0159ednictv\u00edm spolupr\u00e1ce projektov\u00fdch partner\u016f poskytovat r\u016fzn\u00e9 inovativn\u00ed vzd\u011bl\u00e1vac\u00ed materi\u00e1ly pro podnikatele rodinn\u00fdch firem a mal\u00e9 a st\u0159edn\u00ed podniky. Prohl\u00e9dn\u011bte si v\u0161echny v\u00fdstupy projektu v na\u0161em learning hub prostoru. Vzd\u011bl\u00e1vac\u00ed program SUFABU Neque convallis a cras semper auctor neque vitae tempus quam Ji\u017e brzy Audiovizu\u00e1ln\u00ed platforma pro elektronick\u00e9 vzd\u011bl\u00e1v\u00e1n\u00ed Neque [&hellip;]","og_url":"https:\/\/greensufabu.eu\/cs\/learning-hub","og_site_name":"GREENSUFABU","article_modified_time":"2025-12-02T07:41:04+00:00","twitter_card":"summary_large_image","twitter_misc":{"Odhadovan\u00e1 doba \u010dten\u00ed":"1 minuta"},"schema":{"@context":"https:\/\/schema.org","@graph":[{"@type":"WebPage","@id":"https:\/\/greensufabu.eu\/cs\/learning-hub","url":"https:\/\/greensufabu.eu\/cs\/learning-hub","name":"Learning Hub - GREENSUFABU","isPartOf":{"@id":"https:\/\/greensufabu.eu\/#website"},"datePublished":"2024-06-12T10:38:45+00:00","dateModified":"2025-12-02T07:41:04+00:00","breadcrumb":{"@id":"https:\/\/greensufabu.eu\/cs\/learning-hub#breadcrumb"},"inLanguage":"cs","potentialAction":[{"@type":"ReadAction","target":["https:\/\/greensufabu.eu\/cs\/learning-hub"]}]},{"@type":"BreadcrumbList","@id":"https:\/\/greensufabu.eu\/cs\/learning-hub#breadcrumb","itemListElement":[{"@type":"ListItem","position":1,"name":"Home","item":"https:\/\/greensufabu.eu\/cs\/home"},{"@type":"ListItem","position":2,"name":"Learning Hub"}]},{"@type":"WebSite","@id":"https:\/\/greensufabu.eu\/#website","url":"https:\/\/greensufabu.eu\/","name":"GREENSUFABU","description":"","publisher":{"@id":"https:\/\/greensufabu.eu\/#organization"},"potentialAction":[{"@type":"SearchAction","target":{"@type":"EntryPoint","urlTemplate":"https:\/\/greensufabu.eu\/?s={search_term_string}"},"query-input":{"@type":"PropertyValueSpecification","valueRequired":true,"valueName":"search_term_string"}}],"inLanguage":"cs"},{"@type":"Organization","@id":"https:\/\/greensufabu.eu\/#organization","name":"GREENSUFABU","url":"https:\/\/greensufabu.eu\/","logo":{"@type":"ImageObject","inLanguage":"cs","@id":"https:\/\/greensufabu.eu\/#\/schema\/logo\/image\/","url":"https:\/\/greensufabu.eu\/wp-content\/uploads\/2024\/05\/LOGO.png","contentUrl":"https:\/\/greensufabu.eu\/wp-content\/uploads\/2024\/05\/LOGO.png","width":692,"height":792,"caption":"GREENSUFABU"},"image":{"@id":"https:\/\/greensufabu.eu\/#\/schema\/logo\/image\/"}}]}},"_links":{"self":[{"href":"https:\/\/greensufabu.eu\/cs\/wp-json\/wp\/v2\/pages\/2442","targetHints":{"allow":["GET"]}}],"collection":[{"href":"https:\/\/greensufabu.eu\/cs\/wp-json\/wp\/v2\/pages"}],"about":[{"href":"https:\/\/greensufabu.eu\/cs\/wp-json\/wp\/v2\/types\/page"}],"author":[{"embeddable":true,"href":"https:\/\/greensufabu.eu\/cs\/wp-json\/wp\/v2\/users\/1"}],"replies":[{"embeddable":true,"href":"https:\/\/greensufabu.eu\/cs\/wp-json\/wp\/v2\/comments?post=2442"}],"version-history":[{"count":1,"href":"https:\/\/greensufabu.eu\/cs\/wp-json\/wp\/v2\/pages\/2442\/revisions"}],"predecessor-version":[{"id":2443,"href":"https:\/\/greensufabu.eu\/cs\/wp-json\/wp\/v2\/pages\/2442\/revisions\/2443"}],"wp:attachment":[{"href":"https:\/\/greensufabu.eu\/cs\/wp-json\/wp\/v2\/media?parent=2442"}],"curies":[{"name":"wp","href":"https:\/\/api.w.org\/{rel}","templated":true}]}}